{"id":519,"date":"2025-07-08T20:23:32","date_gmt":"2025-07-08T18:23:32","guid":{"rendered":"http:\/\/thoenies.de\/?page_id=519"},"modified":"2025-07-20T20:29:45","modified_gmt":"2025-07-20T18:29:45","slug":"profil","status":"publish","type":"page","link":"https:\/\/thoenies.de\/en\/profil\/","title":{"rendered":"Profil"},"content":{"rendered":"<div data-elementor-type=\"wp-page\" data-elementor-id=\"519\" class=\"elementor elementor-519\" data-elementor-post-type=\"page\">\n\t\t\t\t<div class=\"elementor-element elementor-element-4b98117 e-con-full e-flex e-con e-parent\" data-id=\"4b98117\" data-element_type=\"container\" data-settings=\"{&quot;background_background&quot;:&quot;slideshow&quot;,&quot;background_slideshow_gallery&quot;:[{&quot;id&quot;:383,&quot;url&quot;:&quot;http:\\\/\\\/thoenies.de\\\/wp-content\\\/uploads\\\/2025\\\/06\\\/fertigung-main-scaled.jpg&quot;}],&quot;background_slideshow_loop&quot;:&quot;yes&quot;,&quot;background_slideshow_slide_duration&quot;:5000,&quot;background_slideshow_slide_transition&quot;:&quot;fade&quot;,&quot;background_slideshow_transition_duration&quot;:500}\">\n\t\t\t\t<div class=\"elementor-element elementor-element-6a0b9a8 elementor-widget elementor-widget-heading\" data-id=\"6a0b9a8\" data-element_type=\"widget\" data-widget_type=\"heading.default\">\n\t\t\t\t<div class=\"elementor-widget-container\">\n\t\t\t\t\t<h2 class=\"elementor-heading-title elementor-size-default\">Wer wir sind. Was uns antreibt.<\/h2>\t\t\t\t<\/div>\n\t\t\t\t<\/div>\n\t\t\t\t<div class=\"elementor-element elementor-element-ccaaeb4 elementor-widget elementor-widget-text-editor\" data-id=\"ccaaeb4\" data-element_type=\"widget\" data-widget_type=\"text-editor.default\">\n\t\t\t\t<div class=\"elementor-widget-container\">\n\t\t\t\t\t\t\t\t\t<p>Tradition verpflichtet \u2013 Pr\u00e4zision \u00fcberzeugt.<\/p>\t\t\t\t\t\t\t\t<\/div>\n\t\t\t\t<\/div>\n\t\t\t\t<\/div>\n\t\t<div class=\"elementor-element elementor-element-b826629 e-flex e-con-boxed e-con e-parent\" data-id=\"b826629\" data-element_type=\"container\">\n\t\t\t\t\t<div class=\"e-con-inner\">\n\t\t\t\t<div class=\"elementor-element elementor-element-0169949 elementor-widget elementor-widget-heading\" data-id=\"0169949\" data-element_type=\"widget\" data-widget_type=\"heading.default\">\n\t\t\t\t<div class=\"elementor-widget-container\">\n\t\t\t\t\t<h2 class=\"elementor-heading-title elementor-size-default\">Technik mit Substanz \u2013 seit \u00fcber 100 Jahren<\/h2>\t\t\t\t<\/div>\n\t\t\t\t<\/div>\n\t\t\t\t<div class=\"elementor-element elementor-element-2ec8bda elementor-widget elementor-widget-text-editor\" data-id=\"2ec8bda\" data-element_type=\"widget\" data-widget_type=\"text-editor.default\">\n\t\t\t\t<div class=\"elementor-widget-container\">\n\t\t\t\t\t\t\t\t\t<div class=\"text-base my-auto mx-auto py-5 [--thread-content-margin:--spacing(4)] @[37rem]:[--thread-content-margin:--spacing(6)] @[72rem]:[--thread-content-margin:--spacing(16)] px-(--thread-content-margin)\"><div class=\"[--thread-content-max-width:32rem] @[34rem]:[--thread-content-max-width:40rem] @[64rem]:[--thread-content-max-width:48rem] mx-auto flex max-w-(--thread-content-max-width) flex-1 text-base gap-4 md:gap-5 lg:gap-6 group\/turn-messages focus-visible:outline-hidden\" tabindex=\"-1\"><div class=\"group\/conversation-turn relative flex w-full min-w-0 flex-col agent-turn\"><div class=\"relative flex-col gap-1 md:gap-3\"><div class=\"flex max-w-full flex-col grow\"><div class=\"min-h-8 text-message relative flex w-full flex-col items-end gap-2 text-start break-words whitespace-normal [.text-message+&amp;]:mt-5\" dir=\"auto\" data-message-author-role=\"assistant\" data-message-id=\"4796ffbd-15cb-42d5-9cd1-1cf6a63a2f49\" data-message-model-slug=\"gpt-4o\"><div class=\"flex w-full flex-col gap-1 empty:hidden first:pt-[3px]\"><div class=\"markdown prose dark:prose-invert w-full break-words dark\"><p data-start=\"202\" data-end=\"416\">Mauritz Maschinenbau steht f\u00fcr verl\u00e4ssliche L\u00f6sungen im industriellen Anlagenbau. Seit \u00fcber einem Jahrhundert verbinden wir technisches Know-how mit einem klaren Anspruch an Qualit\u00e4t, Langlebigkeit und Pr\u00e4zision.<\/p><p data-start=\"418\" data-end=\"668\">Was 1906 mit Dampf- und Vakuumpumpen begann, hat sich zu einem leistungsstarken Maschinenbauunternehmen entwickelt \u2013 spezialisiert auf die Planung, Fertigung, Montage und Instandhaltung von Komponenten und Systemen f\u00fcr anspruchsvolle Industriezweige.<\/p><p data-start=\"670\" data-end=\"900\">Dabei setzen wir auf Erfahrung, kurze Wege und ein Team, das mitdenkt. Ob Sonderanfertigung oder Serienl\u00f6sung: Wir begleiten unsere Kunden von der Idee bis zur finalen \u00dcbergabe \u2013 mit praxisnaher Kompetenz und technischem Tiefgang.<\/p><\/div><\/div><\/div><\/div><\/div><\/div><\/div><\/div>\t\t\t\t\t\t\t\t<\/div>\n\t\t\t\t<\/div>\n\t\t\t\t\t<\/div>\n\t\t\t\t<\/div>\n\t\t<div class=\"elementor-element elementor-element-09422e8 e-flex e-con-boxed e-con e-parent\" data-id=\"09422e8\" data-element_type=\"container\" data-settings=\"{&quot;background_background&quot;:&quot;classic&quot;}\">\n\t\t\t\t\t<div class=\"e-con-inner\">\n\t\t<div class=\"elementor-element elementor-element-597fddc e-con-full e-flex e-con e-child\" data-id=\"597fddc\" data-element_type=\"container\">\n\t\t\t\t<div class=\"elementor-element elementor-element-40de67d elementor-widget elementor-widget-text-editor\" data-id=\"40de67d\" data-element_type=\"widget\" data-widget_type=\"text-editor.default\">\n\t\t\t\t<div class=\"elementor-widget-container\">\n\t\t\t\t\t\t\t\t\t<p><strong><em>&#8222;Ob Prototyp oder Serie \u2013 wir stehen f\u00fcr jedes Bauteil pers\u00f6nlich ein.<br \/>Das ist seit jeher unser Anspruch \u2013 und unser Versprechen an die Kunden.\u201c<\/em><\/strong><br data-start=\"294\" data-end=\"297\" \/><strong><em>Peter Alsbach, Inhaber<\/em><\/strong><\/p>\t\t\t\t\t\t\t\t<\/div>\n\t\t\t\t<\/div>\n\t\t\t\t<\/div>\n\t\t<div class=\"elementor-element elementor-element-9b8bb69 e-con-full e-flex e-con e-child\" data-id=\"9b8bb69\" data-element_type=\"container\">\n\t\t\t\t<div class=\"elementor-element elementor-element-f6faf0e elementor-widget elementor-widget-image\" data-id=\"f6faf0e\" data-element_type=\"widget\" data-widget_type=\"image.default\">\n\t\t\t\t<div class=\"elementor-widget-container\">\n\t\t\t\t\t\t\t\t\t\t\t\t<figure class=\"wp-caption\">\n\t\t\t\t\t\t\t\t\t\t<img fetchpriority=\"high\" decoding=\"async\" width=\"300\" height=\"200\" src=\"https:\/\/thoenies.de\/wp-content\/uploads\/2025\/07\/kubus-800-300x200.webp\" class=\"attachment-medium size-medium wp-image-644\" alt=\"\" srcset=\"https:\/\/thoenies.de\/wp-content\/uploads\/2025\/07\/kubus-800-300x200.webp 300w, https:\/\/thoenies.de\/wp-content\/uploads\/2025\/07\/kubus-800-768x512.webp 768w, https:\/\/thoenies.de\/wp-content\/uploads\/2025\/07\/kubus-800-18x12.webp 18w, https:\/\/thoenies.de\/wp-content\/uploads\/2025\/07\/kubus-800.webp 800w\" sizes=\"(max-width: 300px) 100vw, 300px\" \/>\t\t\t\t\t\t\t\t\t\t\t<figcaption class=\"widget-image-caption wp-caption-text\">Geteiltes Gleitlagergeh\u00e4use<\/figcaption>\n\t\t\t\t\t\t\t\t\t\t<\/figure>\n\t\t\t\t\t\t\t\t\t<\/div>\n\t\t\t\t<\/div>\n\t\t\t\t<\/div>\n\t\t\t\t\t<\/div>\n\t\t\t\t<\/div>\n\t\t<div class=\"elementor-element elementor-element-6e9d65f e-flex e-con-boxed e-con e-parent\" data-id=\"6e9d65f\" data-element_type=\"container\">\n\t\t\t\t\t<div class=\"e-con-inner\">\n\t\t<div class=\"elementor-element elementor-element-3297e2f e-con-full e-flex e-con e-child\" data-id=\"3297e2f\" data-element_type=\"container\">\n\t\t\t\t<div class=\"elementor-element elementor-element-54b17ea elementor-widget elementor-widget-heading\" data-id=\"54b17ea\" data-element_type=\"widget\" data-widget_type=\"heading.default\">\n\t\t\t\t<div class=\"elementor-widget-container\">\n\t\t\t\t\t<h2 class=\"elementor-heading-title elementor-size-default\">Unsere Geschichte \u2013 Meilensteine im \u00dcberblick<\/h2>\t\t\t\t<\/div>\n\t\t\t\t<\/div>\n\t\t\t\t<div class=\"elementor-element elementor-element-42eed44 elementor-widget elementor-widget-text-editor\" data-id=\"42eed44\" data-element_type=\"widget\" data-widget_type=\"text-editor.default\">\n\t\t\t\t<div class=\"elementor-widget-container\">\n\t\t\t\t\t\t\t\t\t<p><strong data-start=\"302\" data-end=\"310\">1906<\/strong><br data-start=\"310\" data-end=\"313\" \/><em data-start=\"317\" data-end=\"348\">Gr\u00fcndung durch Alfred Mauritz<\/em><br data-start=\"348\" data-end=\"351\" \/>Fertigung von Dampf- und Vakuumpumpen f\u00fcr Chemie-, Lebensmittel- und Textilindustrie. Ca. 25 Mitarbeiter.<\/p>\t\t\t\t\t\t\t\t<\/div>\n\t\t\t\t<\/div>\n\t\t\t\t<div class=\"elementor-element elementor-element-fe3baa5 elementor-widget elementor-widget-image\" data-id=\"fe3baa5\" data-element_type=\"widget\" data-widget_type=\"image.default\">\n\t\t\t\t<div class=\"elementor-widget-container\">\n\t\t\t\t\t\t\t\t\t\t\t\t<figure class=\"wp-caption\">\n\t\t\t\t\t\t\t\t\t\t<img decoding=\"async\" width=\"768\" height=\"619\" src=\"https:\/\/thoenies.de\/wp-content\/uploads\/2025\/07\/mauritz-portrait-1200-768x619.jpg\" class=\"attachment-medium_large size-medium_large wp-image-655\" alt=\"\" srcset=\"https:\/\/thoenies.de\/wp-content\/uploads\/2025\/07\/mauritz-portrait-1200-768x619.jpg 768w, https:\/\/thoenies.de\/wp-content\/uploads\/2025\/07\/mauritz-portrait-1200-300x242.jpg 300w, https:\/\/thoenies.de\/wp-content\/uploads\/2025\/07\/mauritz-portrait-1200-1024x825.jpg 1024w, https:\/\/thoenies.de\/wp-content\/uploads\/2025\/07\/mauritz-portrait-1200-15x12.jpg 15w, https:\/\/thoenies.de\/wp-content\/uploads\/2025\/07\/mauritz-portrait-1200.jpg 1200w\" sizes=\"(max-width: 768px) 100vw, 768px\" \/>\t\t\t\t\t\t\t\t\t\t\t<figcaption class=\"widget-image-caption wp-caption-text\">Alfred Mauritz<\/figcaption>\n\t\t\t\t\t\t\t\t\t\t<\/figure>\n\t\t\t\t\t\t\t\t\t<\/div>\n\t\t\t\t<\/div>\n\t\t\t\t<div class=\"elementor-element elementor-element-2253aac elementor-widget elementor-widget-text-editor\" data-id=\"2253aac\" data-element_type=\"widget\" data-widget_type=\"text-editor.default\">\n\t\t\t\t<div class=\"elementor-widget-container\">\n\t\t\t\t\t\t\t\t\t<p><strong data-start=\"302\" data-end=\"310\">1928<\/strong><br data-start=\"310\" data-end=\"313\" \/><em data-start=\"317\" data-end=\"348\">Der Betrieb w\u00e4chst<\/em><br data-start=\"348\" data-end=\"351\" \/>Einblick in die Werkstatt um 1928: Fertigung einer Vakuumpumpe.<br \/>Mit Enddr\u00fccken unter 30\u202fmbar z\u00e4hlten die Mauritz-Pumpen zu den leistungsf\u00e4higsten industriellen L\u00f6sungen ihrer Zeit.<\/p>\t\t\t\t\t\t\t\t<\/div>\n\t\t\t\t<\/div>\n\t\t\t\t<div class=\"elementor-element elementor-element-7b580ef elementor-widget elementor-widget-image\" data-id=\"7b580ef\" data-element_type=\"widget\" data-widget_type=\"image.default\">\n\t\t\t\t<div class=\"elementor-widget-container\">\n\t\t\t\t\t\t\t\t\t\t\t\t<figure class=\"wp-caption\">\n\t\t\t\t\t\t\t\t\t\t<img decoding=\"async\" width=\"768\" height=\"630\" src=\"https:\/\/thoenies.de\/wp-content\/uploads\/2025\/07\/mauritz-werkstatt-1200-768x630.jpg\" class=\"attachment-medium_large size-medium_large wp-image-656\" alt=\"\" srcset=\"https:\/\/thoenies.de\/wp-content\/uploads\/2025\/07\/mauritz-werkstatt-1200-768x630.jpg 768w, https:\/\/thoenies.de\/wp-content\/uploads\/2025\/07\/mauritz-werkstatt-1200-300x246.jpg 300w, https:\/\/thoenies.de\/wp-content\/uploads\/2025\/07\/mauritz-werkstatt-1200-1024x840.jpg 1024w, https:\/\/thoenies.de\/wp-content\/uploads\/2025\/07\/mauritz-werkstatt-1200-15x12.jpg 15w, https:\/\/thoenies.de\/wp-content\/uploads\/2025\/07\/mauritz-werkstatt-1200.jpg 1200w\" sizes=\"(max-width: 768px) 100vw, 768px\" \/>\t\t\t\t\t\t\t\t\t\t\t<figcaption class=\"widget-image-caption wp-caption-text\">Werkstatt ca. 1928<\/figcaption>\n\t\t\t\t\t\t\t\t\t\t<\/figure>\n\t\t\t\t\t\t\t\t\t<\/div>\n\t\t\t\t<\/div>\n\t\t\t\t<div class=\"elementor-element elementor-element-f02f35b elementor-widget elementor-widget-text-editor\" data-id=\"f02f35b\" data-element_type=\"widget\" data-widget_type=\"text-editor.default\">\n\t\t\t\t<div class=\"elementor-widget-container\">\n\t\t\t\t\t\t\t\t\t<p><strong data-start=\"302\" data-end=\"310\">1933<\/strong><br data-start=\"310\" data-end=\"313\" \/><em data-start=\"317\" data-end=\"348\">Technischer Fortschritt<\/em><br data-start=\"348\" data-end=\"351\" \/>Inbetriebnahme neuer Anlagentechnik und strukturelle Modernisierung \u2013 trotz wirtschaftlich unsicherer Zeiten ein Zeichen f\u00fcr Kontinuit\u00e4t und Anspruch.<\/p>\t\t\t\t\t\t\t\t<\/div>\n\t\t\t\t<\/div>\n\t\t\t\t<div class=\"elementor-element elementor-element-bcdad2c elementor-widget elementor-widget-image\" data-id=\"bcdad2c\" data-element_type=\"widget\" data-widget_type=\"image.default\">\n\t\t\t\t<div class=\"elementor-widget-container\">\n\t\t\t\t\t\t\t\t\t\t\t\t<figure class=\"wp-caption\">\n\t\t\t\t\t\t\t\t\t\t<img loading=\"lazy\" decoding=\"async\" width=\"768\" height=\"591\" src=\"https:\/\/thoenies.de\/wp-content\/uploads\/2025\/07\/mauritz-dampfmaschine-1200-768x591.jpg\" class=\"attachment-medium_large size-medium_large wp-image-654\" alt=\"\" srcset=\"https:\/\/thoenies.de\/wp-content\/uploads\/2025\/07\/mauritz-dampfmaschine-1200-768x591.jpg 768w, https:\/\/thoenies.de\/wp-content\/uploads\/2025\/07\/mauritz-dampfmaschine-1200-300x231.jpg 300w, https:\/\/thoenies.de\/wp-content\/uploads\/2025\/07\/mauritz-dampfmaschine-1200-1024x788.jpg 1024w, https:\/\/thoenies.de\/wp-content\/uploads\/2025\/07\/mauritz-dampfmaschine-1200-16x12.jpg 16w, https:\/\/thoenies.de\/wp-content\/uploads\/2025\/07\/mauritz-dampfmaschine-1200.jpg 1200w\" sizes=\"(max-width: 768px) 100vw, 768px\" \/>\t\t\t\t\t\t\t\t\t\t\t<figcaption class=\"widget-image-caption wp-caption-text\">Alfred Mauritz 1933 bei der Inbetriebnahme einer liegenden Dampfmaschine<\/figcaption>\n\t\t\t\t\t\t\t\t\t\t<\/figure>\n\t\t\t\t\t\t\t\t\t<\/div>\n\t\t\t\t<\/div>\n\t\t\t\t<div class=\"elementor-element elementor-element-77d260f elementor-widget elementor-widget-text-editor\" data-id=\"77d260f\" data-element_type=\"widget\" data-widget_type=\"text-editor.default\">\n\t\t\t\t<div class=\"elementor-widget-container\">\n\t\t\t\t\t\t\t\t\t<p data-start=\"302\" data-end=\"456\"><strong data-start=\"458\" data-end=\"471\">Nach 1945<\/strong><br data-start=\"471\" data-end=\"474\" \/><em data-start=\"477\" data-end=\"502\">Neustart nach dem Krieg<\/em><br data-start=\"502\" data-end=\"505\" \/>Wartung und Instandsetzung von Dampfanlagen in der gesamten Bundesrepublik.<\/p><p data-start=\"582\" data-end=\"718\"><strong data-start=\"582\" data-end=\"597\">Ende 1950er<\/strong><br data-start=\"597\" data-end=\"600\" \/><em data-start=\"603\" data-end=\"630\">Wechsel der Inhaberschaft<\/em><br data-start=\"630\" data-end=\"633\" \/>Neuer Eigent\u00fcmer entwickelt Patente im Textilbereich und st\u00e4rkt die Innovationskraft.<\/p><p data-start=\"720\" data-end=\"879\"><strong data-start=\"720\" data-end=\"730\">1970er<\/strong><br data-start=\"730\" data-end=\"733\" \/><em data-start=\"736\" data-end=\"775\">Einf\u00fchrung der Kunststoffverarbeitung<\/em><br data-start=\"775\" data-end=\"778\" \/>Fertigung und Montage von Rohrleitungsteilen aus PP, PE und PVC. Installation ganzer Systeme vor Ort.<\/p><p data-start=\"881\" data-end=\"1052\"><strong data-start=\"881\" data-end=\"891\">1980er<\/strong><br data-start=\"891\" data-end=\"894\" \/><em data-start=\"897\" data-end=\"936\">Aufspaltung in zwei Gesch\u00e4ftsbereiche<\/em><br data-start=\"936\" data-end=\"939\" \/>Trennung von Kunststofftechnik und Maschinenbau. Fokus auf Instandhaltung und Anlagenservice f\u00fcr Chemie &amp; Textil.<\/p><p data-start=\"1054\" data-end=\"1205\"><strong data-start=\"1054\" data-end=\"1062\">1988<\/strong><br data-start=\"1062\" data-end=\"1065\" \/><em data-start=\"1068\" data-end=\"1093\">Peter Alsbach \u00fcbernimmt<\/em><br data-start=\"1093\" data-end=\"1096\" \/>Als langj\u00e4hriger Mitarbeiter seit 1964 wird Peter Alsbach Gesch\u00e4ftsf\u00fchrer. Ausbau der Wartung f\u00fcr chemische Produktionsanlagen.<\/p><p data-start=\"1207\" data-end=\"1375\"><strong data-start=\"1207\" data-end=\"1216\">Heute<\/strong><br data-start=\"1216\" data-end=\"1219\" \/><em data-start=\"1222\" data-end=\"1248\">Erfahrung trifft Zukunft<\/em><br data-start=\"1248\" data-end=\"1251\" \/>Mauritz steht f\u00fcr verl\u00e4sslichen Maschinenbau mit \u00fcber 100 Jahren Know-how \u2013 spezialisiert auf individuelle Industrieanlagen.<\/p>\t\t\t\t\t\t\t\t<\/div>\n\t\t\t\t<\/div>\n\t\t\t\t<\/div>\n\t\t\t\t\t<\/div>\n\t\t\t\t<\/div>\n\t\t\t\t<\/div>","protected":false},"excerpt":{"rendered":"<p>Wer wir sind. Was uns antreibt. Tradition verpflichtet \u2013 Pr\u00e4zision \u00fcberzeugt. Technik mit Substanz \u2013 seit \u00fcber 100 Jahren Mauritz [&hellip;]<\/p>","protected":false},"author":1,"featured_media":0,"parent":0,"menu_order":0,"comment_status":"closed","ping_status":"closed","template":"","meta":{"site-sidebar-layout":"no-sidebar","site-content-layout":"","ast-site-content-layout":"full-width-container","site-content-style":"default","site-sidebar-style":"default","ast-global-header-display":"","ast-banner-title-visibility":"","ast-main-header-display":"","ast-hfb-above-header-display":"","ast-hfb-below-header-display":"","ast-hfb-mobile-header-display":"","site-post-title":"disabled","ast-breadcrumbs-content":"","ast-featured-img":"disabled","footer-sml-layout":"","theme-transparent-header-meta":"","adv-header-id-meta":"","stick-header-meta":"","header-above-stick-meta":"","header-main-stick-meta":"","header-below-stick-meta":"","astra-migrate-meta-layouts":"default","ast-page-background-enabled":"default","ast-page-background-meta":{"desktop":{"background-color":"var(--ast-global-color-5)","background-image":"","background-repeat":"repeat","background-position":"center center","background-size":"auto","background-attachment":"scroll","background-type":"","background-media":"","overlay-type":"","overlay-color":"","overlay-opacity":"","overlay-gradient":""},"tablet":{"background-color":"","background-image":"","background-repeat":"repeat","background-position":"center center","background-size":"auto","background-attachment":"scroll","background-type":"","background-media":"","overlay-type":"","overlay-color":"","overlay-opacity":"","overlay-gradient":""},"mobile":{"background-color":"","background-image":"","background-repeat":"repeat","background-position":"center center","background-size":"auto","background-attachment":"scroll","background-type":"","background-media":"","overlay-type":"","overlay-color":"","overlay-opacity":"","overlay-gradient":""}},"ast-content-background-meta":{"desktop":{"background-color":"var(--ast-global-color-4)","background-image":"","background-repeat":"repeat","background-position":"center center","background-size":"auto","background-attachment":"scroll","background-type":"","background-media":"","overlay-type":"","overlay-color":"","overlay-opacity":"","overlay-gradient":""},"tablet":{"background-color":"var(--ast-global-color-4)","background-image":"","background-repeat":"repeat","background-position":"center center","background-size":"auto","background-attachment":"scroll","background-type":"","background-media":"","overlay-type":"","overlay-color":"","overlay-opacity":"","overlay-gradient":""},"mobile":{"background-color":"var(--ast-global-color-4)","background-image":"","background-repeat":"repeat","background-position":"center center","background-size":"auto","background-attachment":"scroll","background-type":"","background-media":"","overlay-type":"","overlay-color":"","overlay-opacity":"","overlay-gradient":""}},"footnotes":""},"class_list":["post-519","page","type-page","status-publish","hentry"],"_links":{"self":[{"href":"https:\/\/thoenies.de\/en\/wp-json\/wp\/v2\/pages\/519","targetHints":{"allow":["GET"]}}],"collection":[{"href":"https:\/\/thoenies.de\/en\/wp-json\/wp\/v2\/pages"}],"about":[{"href":"https:\/\/thoenies.de\/en\/wp-json\/wp\/v2\/types\/page"}],"author":[{"embeddable":true,"href":"https:\/\/thoenies.de\/en\/wp-json\/wp\/v2\/users\/1"}],"replies":[{"embeddable":true,"href":"https:\/\/thoenies.de\/en\/wp-json\/wp\/v2\/comments?post=519"}],"version-history":[{"count":43,"href":"https:\/\/thoenies.de\/en\/wp-json\/wp\/v2\/pages\/519\/revisions"}],"predecessor-version":[{"id":689,"href":"https:\/\/thoenies.de\/en\/wp-json\/wp\/v2\/pages\/519\/revisions\/689"}],"wp:attachment":[{"href":"https:\/\/thoenies.de\/en\/wp-json\/wp\/v2\/media?parent=519"}],"curies":[{"name":"wp","href":"https:\/\/api.w.org\/{rel}","templated":true}]}}