{"id":466,"date":"2025-07-08T16:14:02","date_gmt":"2025-07-08T14:14:02","guid":{"rendered":"http:\/\/thoenies.de\/?page_id=466"},"modified":"2025-07-08T19:23:54","modified_gmt":"2025-07-08T17:23:54","slug":"planung-konstruktion","status":"publish","type":"page","link":"https:\/\/thoenies.de\/en\/planung-konstruktion\/","title":{"rendered":"Planung &#038; Konstruktion"},"content":{"rendered":"<div data-elementor-type=\"wp-page\" data-elementor-id=\"466\" class=\"elementor elementor-466\" data-elementor-post-type=\"page\">\n\t\t\t\t<div class=\"elementor-element elementor-element-4b98117 e-con-full e-flex e-con e-parent\" data-id=\"4b98117\" data-element_type=\"container\" data-settings=\"{&quot;background_background&quot;:&quot;slideshow&quot;,&quot;background_slideshow_gallery&quot;:[{&quot;id&quot;:471,&quot;url&quot;:&quot;http:\\\/\\\/thoenies.de\\\/wp-content\\\/uploads\\\/2025\\\/07\\\/cad-buero-scaled.jpeg&quot;}],&quot;background_slideshow_loop&quot;:&quot;yes&quot;,&quot;background_slideshow_slide_duration&quot;:5000,&quot;background_slideshow_slide_transition&quot;:&quot;fade&quot;,&quot;background_slideshow_transition_duration&quot;:500}\">\n\t\t\t\t<div class=\"elementor-element elementor-element-6a0b9a8 elementor-widget elementor-widget-heading\" data-id=\"6a0b9a8\" data-element_type=\"widget\" data-widget_type=\"heading.default\">\n\t\t\t\t<div class=\"elementor-widget-container\">\n\t\t\t\t\t<h2 class=\"elementor-heading-title elementor-size-default\">Planung &amp; Konstruktion<\/h2>\t\t\t\t<\/div>\n\t\t\t\t<\/div>\n\t\t\t\t<div class=\"elementor-element elementor-element-ccaaeb4 elementor-widget elementor-widget-text-editor\" data-id=\"ccaaeb4\" data-element_type=\"widget\" data-widget_type=\"text-editor.default\">\n\t\t\t\t<div class=\"elementor-widget-container\">\n\t\t\t\t\t\t\t\t\t<p>Technisch durchdacht \u2013 wirtschaftlich geplant<\/p>\t\t\t\t\t\t\t\t<\/div>\n\t\t\t\t<\/div>\n\t\t\t\t<\/div>\n\t\t<div class=\"elementor-element elementor-element-b826629 e-flex e-con-boxed e-con e-parent\" data-id=\"b826629\" data-element_type=\"container\">\n\t\t\t\t\t<div class=\"e-con-inner\">\n\t\t\t\t<div class=\"elementor-element elementor-element-0169949 elementor-widget elementor-widget-heading\" data-id=\"0169949\" data-element_type=\"widget\" data-widget_type=\"heading.default\">\n\t\t\t\t<div class=\"elementor-widget-container\">\n\t\t\t\t\t<h2 class=\"elementor-heading-title elementor-size-default\">Durchdachte L\u00f6sungen beginnen mit einer klaren Planung.<\/h2>\t\t\t\t<\/div>\n\t\t\t\t<\/div>\n\t\t\t\t<div class=\"elementor-element elementor-element-2ec8bda elementor-widget elementor-widget-text-editor\" data-id=\"2ec8bda\" data-element_type=\"widget\" data-widget_type=\"text-editor.default\">\n\t\t\t\t<div class=\"elementor-widget-container\">\n\t\t\t\t\t\t\t\t\t<p data-start=\"153\" data-end=\"584\">Bei Mauritz sind Planung und Konstruktion keine isolierten Schritte, sondern integraler Bestandteil eines durchg\u00e4ngigen Prozesses \u2013 von der ersten Idee bis zur fertig montierten Maschine. Unsere erfahrenen Konstrukteure begleiten jedes Projekt mit technischem Verst\u00e4ndnis, einem Gesp\u00fcr f\u00fcr wirtschaftliche Machbarkeit und einem hohen Anspruch an die Praxistauglichkeit.<\/p><p data-start=\"586\" data-end=\"921\">Wir entwickeln Maschinen und Anlagen, die auf Ihre spezifischen Anforderungen zugeschnitten sind \u2013 ob Einzelst\u00fcck oder Serie, Sonderl\u00f6sung oder standardnahe Ausf\u00fchrung. Dabei ber\u00fccksichtigen wir bereits in der fr\u00fchen Phase alle relevanten Parameter: Werkstoffe, Einbauverh\u00e4ltnisse, Wartungsfreundlichkeit und sp\u00e4tere Erweiterbarkeit.<\/p>\t\t\t\t\t\t\t\t<\/div>\n\t\t\t\t<\/div>\n\t\t\t\t\t<\/div>\n\t\t\t\t<\/div>\n\t\t<div class=\"elementor-element elementor-element-6e9d65f e-flex e-con-boxed e-con e-parent\" data-id=\"6e9d65f\" data-element_type=\"container\">\n\t\t\t\t\t<div class=\"e-con-inner\">\n\t\t<div class=\"elementor-element elementor-element-3c39bb4 e-con-full e-flex e-con e-child\" data-id=\"3c39bb4\" data-element_type=\"container\">\n\t\t\t\t<div class=\"elementor-element elementor-element-1fb023c elementor-widget elementor-widget-image\" data-id=\"1fb023c\" data-element_type=\"widget\" data-widget_type=\"image.default\">\n\t\t\t\t<div class=\"elementor-widget-container\">\n\t\t\t\t\t\t\t\t\t\t\t\t\t\t\t<img fetchpriority=\"high\" decoding=\"async\" width=\"800\" height=\"450\" src=\"https:\/\/thoenies.de\/wp-content\/uploads\/2025\/06\/konstruktion.jpg\" class=\"attachment-large size-large wp-image-302\" alt=\"\" srcset=\"https:\/\/thoenies.de\/wp-content\/uploads\/2025\/06\/konstruktion.jpg 800w, https:\/\/thoenies.de\/wp-content\/uploads\/2025\/06\/konstruktion-300x169.jpg 300w, https:\/\/thoenies.de\/wp-content\/uploads\/2025\/06\/konstruktion-768x432.jpg 768w, https:\/\/thoenies.de\/wp-content\/uploads\/2025\/06\/konstruktion-18x10.jpg 18w\" sizes=\"(max-width: 800px) 100vw, 800px\" \/>\t\t\t\t\t\t\t\t\t\t\t\t\t\t\t<\/div>\n\t\t\t\t<\/div>\n\t\t\t\t<\/div>\n\t\t<div class=\"elementor-element elementor-element-c99e39b e-con-full e-flex e-con e-child\" data-id=\"c99e39b\" data-element_type=\"container\">\n\t\t\t\t<div class=\"elementor-element elementor-element-9dbfd8a elementor-widget elementor-widget-image\" data-id=\"9dbfd8a\" data-element_type=\"widget\" data-widget_type=\"image.default\">\n\t\t\t\t<div class=\"elementor-widget-container\">\n\t\t\t\t\t\t\t\t\t\t\t\t\t\t\t<img decoding=\"async\" width=\"800\" height=\"450\" src=\"https:\/\/thoenies.de\/wp-content\/uploads\/2025\/07\/konstruktionszeichnung800x450.jpg\" class=\"attachment-large size-large wp-image-515\" alt=\"\" srcset=\"https:\/\/thoenies.de\/wp-content\/uploads\/2025\/07\/konstruktionszeichnung800x450.jpg 800w, https:\/\/thoenies.de\/wp-content\/uploads\/2025\/07\/konstruktionszeichnung800x450-300x169.jpg 300w, https:\/\/thoenies.de\/wp-content\/uploads\/2025\/07\/konstruktionszeichnung800x450-768x432.jpg 768w, https:\/\/thoenies.de\/wp-content\/uploads\/2025\/07\/konstruktionszeichnung800x450-18x10.jpg 18w\" sizes=\"(max-width: 800px) 100vw, 800px\" \/>\t\t\t\t\t\t\t\t\t\t\t\t\t\t\t<\/div>\n\t\t\t\t<\/div>\n\t\t\t\t<\/div>\n\t\t<div class=\"elementor-element elementor-element-3297e2f e-con-full e-flex e-con e-child\" data-id=\"3297e2f\" data-element_type=\"container\">\n\t\t\t\t<div class=\"elementor-element elementor-element-117f9e8 elementor-widget elementor-widget-text-editor\" data-id=\"117f9e8\" data-element_type=\"widget\" data-widget_type=\"text-editor.default\">\n\t\t\t\t<div class=\"elementor-widget-container\">\n\t\t\t\t\t\t\t\t\t<p data-start=\"923\" data-end=\"1326\">Mit moderner CAD-Technologie, einem tiefen Verst\u00e4ndnis mechanischer Zusammenh\u00e4nge und jahrzehntelanger Erfahrung entstehen bei Mauritz funktionale Maschinenkonzepte, die sich in der Praxis bew\u00e4hren. Unsere Planung orientiert sich nicht nur am technisch Machbaren, sondern auch an klaren Dokumentations- und Umsetzungsstandards \u2013 so wird jeder Entwurf zur belastbaren Grundlage f\u00fcr die sp\u00e4tere Fertigung.<\/p><p data-start=\"1328\" data-end=\"1476\"><strong data-start=\"1328\" data-end=\"1364\">Jede Planung zielt auf eines ab:<\/strong> einen reibungslosen \u00dcbergang in die Umsetzung \u2013 pr\u00e4zise, strukturiert und auf Augenh\u00f6he mit dem Werkstatt-Team.<\/p>\t\t\t\t\t\t\t\t<\/div>\n\t\t\t\t<\/div>\n\t\t<div class=\"elementor-element elementor-element-8cf0eb6 e-grid e-con-full e-con e-child\" data-id=\"8cf0eb6\" data-element_type=\"container\" data-settings=\"{&quot;background_background&quot;:&quot;classic&quot;}\">\n\t\t\t\t<div class=\"elementor-element elementor-element-3eff833 elementor-widget elementor-widget-heading\" data-id=\"3eff833\" data-element_type=\"widget\" data-widget_type=\"heading.default\">\n\t\t\t\t<div class=\"elementor-widget-container\">\n\t\t\t\t\t<h2 class=\"elementor-heading-title elementor-size-default\">Unser Konstruktionsprozess<\/h2>\t\t\t\t<\/div>\n\t\t\t\t<\/div>\n\t\t\t\t<div class=\"elementor-element elementor-element-a3c30ec elementor-widget elementor-widget-heading\" data-id=\"a3c30ec\" data-element_type=\"widget\" data-widget_type=\"heading.default\">\n\t\t\t\t<div class=\"elementor-widget-container\">\n\t\t\t\t\t<h2 class=\"elementor-heading-title elementor-size-default\">Ihre Vorteile auf einen Blick<\/h2>\t\t\t\t<\/div>\n\t\t\t\t<\/div>\n\t\t\t\t<\/div>\n\t\t<div class=\"elementor-element elementor-element-2ba0a94 e-grid e-con-full e-con e-child\" data-id=\"2ba0a94\" data-element_type=\"container\" data-settings=\"{&quot;background_background&quot;:&quot;classic&quot;}\">\n\t\t\t\t<div class=\"elementor-element elementor-element-568eab3 elementor-widget__width-initial elementor-widget elementor-widget-text-editor\" data-id=\"568eab3\" data-element_type=\"widget\" data-widget_type=\"text-editor.default\">\n\t\t\t\t<div class=\"elementor-widget-container\">\n\t\t\t\t\t\t\t\t\t<p data-start=\"986\" data-end=\"1129\"><strong data-start=\"986\" data-end=\"1010\">Anforderungsaufnahme<\/strong><br data-start=\"1010\" data-end=\"1013\" \/>Wir analysieren Ihren Bedarf, definieren technische Parameter und legen gemeinsam den Rahmen f\u00fcr das Projekt fest.<\/p><p data-start=\"1133\" data-end=\"1307\"><strong data-start=\"1133\" data-end=\"1168\">3D-Konstruktion &amp; Detailplanung<\/strong><br data-start=\"1168\" data-end=\"1171\" \/>Unsere Konstrukteure entwickeln komplette Anlagen, Komponenten und Sonderl\u00f6sungen \u2013 pr\u00e4zise modelliert, montagefreundlich konstruiert.<\/p><p data-start=\"1311\" data-end=\"1466\"><strong data-start=\"1311\" data-end=\"1354\">Fertigungs- und montagerechte Umsetzung<\/strong><br data-start=\"1354\" data-end=\"1357\" \/>Wir denken fr\u00fchzeitig mit: Werkstoffe, Toleranzen und Bearbeitungsfolgen flie\u00dfen direkt in die Planung ein.<\/p><p data-start=\"1470\" data-end=\"1659\"><strong data-start=\"1470\" data-end=\"1509\">Nahtlos in die Fertigung integriert<\/strong><br data-start=\"1509\" data-end=\"1512\" \/>Was konstruiert wird, wird bei uns auch gebaut \u2013 mit kurzen Wegen, klaren Absprachen und direkter Abstimmung zwischen Konstruktion und Werkstatt<\/p>\t\t\t\t\t\t\t\t<\/div>\n\t\t\t\t<\/div>\n\t\t\t\t<div class=\"elementor-element elementor-element-002f866 elementor-widget elementor-widget-text-editor\" data-id=\"002f866\" data-element_type=\"widget\" data-widget_type=\"text-editor.default\">\n\t\t\t\t<div class=\"elementor-widget-container\">\n\t\t\t\t\t\t\t\t\t<p data-start=\"246\" data-end=\"399\"><strong data-start=\"246\" data-end=\"270\">Alles aus einer Hand<\/strong><br data-start=\"270\" data-end=\"273\" \/>Planung, Konstruktion, Fertigung und Montage \u2013 direkt bei uns im Haus. Ohne externe Schnittstellen, ohne Informationsverluste.<\/p><p data-start=\"401\" data-end=\"581\"><strong data-start=\"401\" data-end=\"449\">Langj\u00e4hrige Erfahrung trifft moderne Technik<\/strong><br data-start=\"449\" data-end=\"452\" \/>Unsere Konstrukteure kennen nicht nur die Theorie, sondern auch die Praxis \u2013 das macht unsere L\u00f6sungen zuverl\u00e4ssig und langlebig.<\/p><p data-start=\"583\" data-end=\"733\"><strong data-start=\"583\" data-end=\"628\">Kostensicherheit durch effiziente Abl\u00e4ufe<\/strong><br data-start=\"628\" data-end=\"631\" \/>Durchg\u00e4ngige Planung spart Zeit, reduziert Fehlerquellen und schafft Transparenz f\u00fcr Ihre Kalkulation.<\/p><p data-start=\"735\" data-end=\"929\"><strong data-start=\"735\" data-end=\"763\">L\u00fcckenlose Dokumentation<\/strong><br data-start=\"763\" data-end=\"766\" \/>Alle Konstruktionsdaten, Zeichnungen und Fertigungsunterlagen werden systematisch erfasst \u2013 f\u00fcr sp\u00e4tere Anpassungen, Wartung oder Reproduktion jederzeit verf\u00fcgbar.<\/p>\t\t\t\t\t\t\t\t<\/div>\n\t\t\t\t<\/div>\n\t\t\t\t<\/div>\n\t\t\t\t<div class=\"elementor-element elementor-element-f7d6193 elementor-widget elementor-widget-text-editor\" data-id=\"f7d6193\" data-element_type=\"widget\" data-widget_type=\"text-editor.default\">\n\t\t\t\t<div class=\"elementor-widget-container\">\n\t\t\t\t\t\t\t\t\t<p><strong>Von der Idee zur Maschine \u2013 wir setzen Ihre Anforderungen um.<br \/><\/strong><strong>Jetzt Projekt anfragen<\/strong><\/p>\t\t\t\t\t\t\t\t<\/div>\n\t\t\t\t<\/div>\n\t\t\t\t<div class=\"elementor-element elementor-element-e5d5c23 elementor-widget elementor-widget-button\" data-id=\"e5d5c23\" data-element_type=\"widget\" data-widget_type=\"button.default\">\n\t\t\t\t<div class=\"elementor-widget-container\">\n\t\t\t\t\t\t\t\t\t<div class=\"elementor-button-wrapper\">\n\t\t\t\t\t<a class=\"elementor-button elementor-button-link elementor-size-sm\" href=\"#\">\n\t\t\t\t\t\t<span class=\"elementor-button-content-wrapper\">\n\t\t\t\t\t\t\t\t\t<span class=\"elementor-button-text\">Zum Kontaktformular<\/span>\n\t\t\t\t\t<\/span>\n\t\t\t\t\t<\/a>\n\t\t\t\t<\/div>\n\t\t\t\t\t\t\t\t<\/div>\n\t\t\t\t<\/div>\n\t\t\t\t<\/div>\n\t\t\t\t\t<\/div>\n\t\t\t\t<\/div>\n\t\t\t\t<\/div>","protected":false},"excerpt":{"rendered":"<p>Planung &amp; Konstruktion Technisch durchdacht \u2013 wirtschaftlich geplant Durchdachte L\u00f6sungen beginnen mit einer klaren Planung. Bei Mauritz sind Planung und [&hellip;]<\/p>","protected":false},"author":1,"featured_media":0,"parent":0,"menu_order":0,"comment_status":"closed","ping_status":"closed","template":"","meta":{"site-sidebar-layout":"no-sidebar","site-content-layout":"","ast-site-content-layout":"full-width-container","site-content-style":"default","site-sidebar-style":"default","ast-global-header-display":"","ast-banner-title-visibility":"","ast-main-header-display":"","ast-hfb-above-header-display":"","ast-hfb-below-header-display":"","ast-hfb-mobile-header-display":"","site-post-title":"disabled","ast-breadcrumbs-content":"","ast-featured-img":"disabled","footer-sml-layout":"","theme-transparent-header-meta":"","adv-header-id-meta":"","stick-header-meta":"","header-above-stick-meta":"","header-main-stick-meta":"","header-below-stick-meta":"","astra-migrate-meta-layouts":"default","ast-page-background-enabled":"default","ast-page-background-meta":{"desktop":{"background-color":"var(--ast-global-color-5)","background-image":"","background-repeat":"repeat","background-position":"center center","background-size":"auto","background-attachment":"scroll","background-type":"","background-media":"","overlay-type":"","overlay-color":"","overlay-opacity":"","overlay-gradient":""},"tablet":{"background-color":"","background-image":"","background-repeat":"repeat","background-position":"center center","background-size":"auto","background-attachment":"scroll","background-type":"","background-media":"","overlay-type":"","overlay-color":"","overlay-opacity":"","overlay-gradient":""},"mobile":{"background-color":"","background-image":"","background-repeat":"repeat","background-position":"center center","background-size":"auto","background-attachment":"scroll","background-type":"","background-media":"","overlay-type":"","overlay-color":"","overlay-opacity":"","overlay-gradient":""}},"ast-content-background-meta":{"desktop":{"background-color":"var(--ast-global-color-4)","background-image":"","background-repeat":"repeat","background-position":"center center","background-size":"auto","background-attachment":"scroll","background-type":"","background-media":"","overlay-type":"","overlay-color":"","overlay-opacity":"","overlay-gradient":""},"tablet":{"background-color":"var(--ast-global-color-4)","background-image":"","background-repeat":"repeat","background-position":"center center","background-size":"auto","background-attachment":"scroll","background-type":"","background-media":"","overlay-type":"","overlay-color":"","overlay-opacity":"","overlay-gradient":""},"mobile":{"background-color":"var(--ast-global-color-4)","background-image":"","background-repeat":"repeat","background-position":"center center","background-size":"auto","background-attachment":"scroll","background-type":"","background-media":"","overlay-type":"","overlay-color":"","overlay-opacity":"","overlay-gradient":""}},"footnotes":""},"class_list":["post-466","page","type-page","status-publish","hentry"],"_links":{"self":[{"href":"https:\/\/thoenies.de\/en\/wp-json\/wp\/v2\/pages\/466","targetHints":{"allow":["GET"]}}],"collection":[{"href":"https:\/\/thoenies.de\/en\/wp-json\/wp\/v2\/pages"}],"about":[{"href":"https:\/\/thoenies.de\/en\/wp-json\/wp\/v2\/types\/page"}],"author":[{"embeddable":true,"href":"https:\/\/thoenies.de\/en\/wp-json\/wp\/v2\/users\/1"}],"replies":[{"embeddable":true,"href":"https:\/\/thoenies.de\/en\/wp-json\/wp\/v2\/comments?post=466"}],"version-history":[{"count":43,"href":"https:\/\/thoenies.de\/en\/wp-json\/wp\/v2\/pages\/466\/revisions"}],"predecessor-version":[{"id":518,"href":"https:\/\/thoenies.de\/en\/wp-json\/wp\/v2\/pages\/466\/revisions\/518"}],"wp:attachment":[{"href":"https:\/\/thoenies.de\/en\/wp-json\/wp\/v2\/media?parent=466"}],"curies":[{"name":"wp","href":"https:\/\/api.w.org\/{rel}","templated":true}]}}