{"id":381,"date":"2025-06-25T00:29:03","date_gmt":"2025-06-24T22:29:03","guid":{"rendered":"http:\/\/thoenies.de\/?page_id=381"},"modified":"2025-07-20T20:39:20","modified_gmt":"2025-07-20T18:39:20","slug":"fertigung","status":"publish","type":"page","link":"https:\/\/thoenies.de\/en\/fertigung\/","title":{"rendered":"Fertigung"},"content":{"rendered":"<div data-elementor-type=\"wp-page\" data-elementor-id=\"381\" class=\"elementor elementor-381\" data-elementor-post-type=\"page\">\n\t\t\t\t<div class=\"elementor-element elementor-element-4b98117 e-con-full e-flex e-con e-parent\" data-id=\"4b98117\" data-element_type=\"container\" data-settings=\"{&quot;background_background&quot;:&quot;slideshow&quot;,&quot;background_slideshow_gallery&quot;:[{&quot;id&quot;:690,&quot;url&quot;:&quot;https:\\\/\\\/thoenies.de\\\/wp-content\\\/uploads\\\/2025\\\/07\\\/schnecke2.jpg&quot;}],&quot;background_slideshow_loop&quot;:&quot;yes&quot;,&quot;background_slideshow_slide_duration&quot;:5000,&quot;background_slideshow_slide_transition&quot;:&quot;fade&quot;,&quot;background_slideshow_transition_duration&quot;:500}\">\n\t\t\t\t<div class=\"elementor-element elementor-element-6a0b9a8 elementor-widget elementor-widget-heading\" data-id=\"6a0b9a8\" data-element_type=\"widget\" data-widget_type=\"heading.default\">\n\t\t\t\t<div class=\"elementor-widget-container\">\n\t\t\t\t\t<h2 class=\"elementor-heading-title elementor-size-default\">Fertigung und Qualit\u00e4tssicherung<\/h2>\t\t\t\t<\/div>\n\t\t\t\t<\/div>\n\t\t\t\t<div class=\"elementor-element elementor-element-ccaaeb4 elementor-widget elementor-widget-text-editor\" data-id=\"ccaaeb4\" data-element_type=\"widget\" data-widget_type=\"text-editor.default\">\n\t\t\t\t<div class=\"elementor-widget-container\">\n\t\t\t\t\t\t\t\t\t<p>Technisch pr\u00e4zise \u2013 qualit\u00e4tsgesichert dokumentiert.<\/p>\t\t\t\t\t\t\t\t<\/div>\n\t\t\t\t<\/div>\n\t\t\t\t<\/div>\n\t\t<div class=\"elementor-element elementor-element-b826629 e-flex e-con-boxed e-con e-parent\" data-id=\"b826629\" data-element_type=\"container\">\n\t\t\t\t\t<div class=\"e-con-inner\">\n\t\t\t\t<div class=\"elementor-element elementor-element-0169949 elementor-widget elementor-widget-heading\" data-id=\"0169949\" data-element_type=\"widget\" data-widget_type=\"heading.default\">\n\t\t\t\t<div class=\"elementor-widget-container\">\n\t\t\t\t\t<h2 class=\"elementor-heading-title elementor-size-default\">Unsere mechanische Fertigung bietet Ihnen flexible und Individuelle L\u00f6sungen f\u00fcr Ihre Anforderungen<\/h2>\t\t\t\t<\/div>\n\t\t\t\t<\/div>\n\t\t\t\t<div class=\"elementor-element elementor-element-2ec8bda elementor-widget elementor-widget-text-editor\" data-id=\"2ec8bda\" data-element_type=\"widget\" data-widget_type=\"text-editor.default\">\n\t\t\t\t<div class=\"elementor-widget-container\">\n\t\t\t\t\t\t\t\t\t<p data-start=\"559\" data-end=\"884\">In unserer Fertigung entstehen pr\u00e4zise Dreh- und Fr\u00e4steile sowie komplexe Bauteile und Baugruppen f\u00fcr unterschiedlichste Anwendungen. Der Maschinenpark umfasst moderne CNC-Technik, die eine zuverl\u00e4ssige Bearbeitung verschiedenster Werkstoffe erm\u00f6glicht \u2013 von konventionellem Stahl bis hin zu hochlegierten Spezialmaterialien.<\/p><p data-start=\"886\" data-end=\"1262\">Unsere Prozesse sind klar strukturiert: Vom Rohmaterial \u00fcber die mechanische Bearbeitung bis zur Endpr\u00fcfung folgen wir definierten Qualit\u00e4tsstandards, die dokumentiert und nachvollziehbar sind. Ob Einzelteil, Serie oder Prototyp \u2013 jedes Bauteil wird nach Kundenvorgabe gefertigt und im Rahmen unserer Qualit\u00e4tssicherung auf Ma\u00dfhaltigkeit, Oberfl\u00e4cheng\u00fcte und Funktion gepr\u00fcft.<\/p><p data-start=\"1264\" data-end=\"1432\">So entstehen effiziente L\u00f6sungen, die sich im industriellen Alltag bew\u00e4hren \u2013 pr\u00e4zise gefertigt, zuverl\u00e4ssig dokumentiert und bereit f\u00fcr den Einsatz in anspruchsvollen Umgebungen.<\/p>\t\t\t\t\t\t\t\t<\/div>\n\t\t\t\t<\/div>\n\t\t\t\t\t<\/div>\n\t\t\t\t<\/div>\n\t\t<div class=\"elementor-element elementor-element-6e9d65f e-flex e-con-boxed e-con e-parent\" data-id=\"6e9d65f\" data-element_type=\"container\">\n\t\t\t\t\t<div class=\"e-con-inner\">\n\t\t<div class=\"elementor-element elementor-element-3c39bb4 e-con-full e-flex e-con e-child\" data-id=\"3c39bb4\" data-element_type=\"container\">\n\t\t\t\t<div class=\"elementor-element elementor-element-1fb023c elementor-widget elementor-widget-image\" data-id=\"1fb023c\" data-element_type=\"widget\" data-widget_type=\"image.default\">\n\t\t\t\t<div class=\"elementor-widget-container\">\n\t\t\t\t\t\t\t\t\t\t\t\t\t\t\t<img fetchpriority=\"high\" decoding=\"async\" width=\"800\" height=\"566\" src=\"https:\/\/thoenies.de\/wp-content\/uploads\/2025\/06\/fertigungsteil1-800.jpg\" class=\"attachment-large size-large wp-image-445\" alt=\"\" srcset=\"https:\/\/thoenies.de\/wp-content\/uploads\/2025\/06\/fertigungsteil1-800.jpg 800w, https:\/\/thoenies.de\/wp-content\/uploads\/2025\/06\/fertigungsteil1-800-300x212.jpg 300w, https:\/\/thoenies.de\/wp-content\/uploads\/2025\/06\/fertigungsteil1-800-768x543.jpg 768w, https:\/\/thoenies.de\/wp-content\/uploads\/2025\/06\/fertigungsteil1-800-18x12.jpg 18w\" sizes=\"(max-width: 800px) 100vw, 800px\" \/>\t\t\t\t\t\t\t\t\t\t\t\t\t\t\t<\/div>\n\t\t\t\t<\/div>\n\t\t\t\t<\/div>\n\t\t<div class=\"elementor-element elementor-element-c99e39b e-con-full e-flex e-con e-child\" data-id=\"c99e39b\" data-element_type=\"container\">\n\t\t\t\t<div class=\"elementor-element elementor-element-aee856c elementor-widget elementor-widget-image\" data-id=\"aee856c\" data-element_type=\"widget\" data-widget_type=\"image.default\">\n\t\t\t\t<div class=\"elementor-widget-container\">\n\t\t\t\t\t\t\t\t\t\t\t\t\t\t\t<img decoding=\"async\" width=\"800\" height=\"566\" src=\"https:\/\/thoenies.de\/wp-content\/uploads\/2025\/06\/fertigungsteil2-800.jpg\" class=\"attachment-large size-large wp-image-446\" alt=\"\" srcset=\"https:\/\/thoenies.de\/wp-content\/uploads\/2025\/06\/fertigungsteil2-800.jpg 800w, https:\/\/thoenies.de\/wp-content\/uploads\/2025\/06\/fertigungsteil2-800-300x212.jpg 300w, https:\/\/thoenies.de\/wp-content\/uploads\/2025\/06\/fertigungsteil2-800-768x543.jpg 768w, https:\/\/thoenies.de\/wp-content\/uploads\/2025\/06\/fertigungsteil2-800-18x12.jpg 18w\" sizes=\"(max-width: 800px) 100vw, 800px\" \/>\t\t\t\t\t\t\t\t\t\t\t\t\t\t\t<\/div>\n\t\t\t\t<\/div>\n\t\t\t\t<\/div>\n\t\t<div class=\"elementor-element elementor-element-3297e2f e-con-full e-flex e-con e-child\" data-id=\"3297e2f\" data-element_type=\"container\">\n\t\t\t\t<div class=\"elementor-element elementor-element-54b17ea elementor-widget elementor-widget-heading\" data-id=\"54b17ea\" data-element_type=\"widget\" data-widget_type=\"heading.default\">\n\t\t\t\t<div class=\"elementor-widget-container\">\n\t\t\t\t\t<h2 class=\"elementor-heading-title elementor-size-default\">Vorteile unserer Fertigung auf einen Blick<\/h2>\t\t\t\t<\/div>\n\t\t\t\t<\/div>\n\t\t\t\t<div class=\"elementor-element elementor-element-77d260f elementor-widget elementor-widget-text-editor\" data-id=\"77d260f\" data-element_type=\"widget\" data-widget_type=\"text-editor.default\">\n\t\t\t\t<div class=\"elementor-widget-container\">\n\t\t\t\t\t\t\t\t\t<p data-start=\"418\" data-end=\"500\"><strong data-start=\"418\" data-end=\"436\">Maschinenpark:<\/strong> CNC-Dreh- und Fr\u00e4szentren f\u00fcr Einzelteile und Serienfertigung<\/p><p data-start=\"503\" data-end=\"586\"><strong data-start=\"503\" data-end=\"518\">Werkstoffe:<\/strong> Bearbeitung von Stahl, Edelstahl, Aluminium und Sonderlegierungen<\/p><p data-start=\"589\" data-end=\"655\"><strong data-start=\"589\" data-end=\"604\">Toleranzen:<\/strong> Engste Ma\u00dfvorgaben und hohe Wiederholgenauigkeit<\/p><p data-start=\"658\" data-end=\"724\"><strong data-start=\"658\" data-end=\"674\">Oberfl\u00e4chen:<\/strong> Saubere Bearbeitung f\u00fcr montagefertige Bauteile<\/p><p data-start=\"727\" data-end=\"809\"><strong data-start=\"727\" data-end=\"750\">Qualit\u00e4tskontrolle:<\/strong> Dokumentierte Pr\u00fcfprozesse und Messprotokolle auf Wunsch<\/p><p data-start=\"812\" data-end=\"898\"><strong data-start=\"812\" data-end=\"829\">Flexibilit\u00e4t:<\/strong> Kleinserien, Einzelteile und Sonderanfertigungen jederzeit m\u00f6glich<\/p><p data-start=\"901\" data-end=\"981\"><strong data-start=\"901\" data-end=\"916\">Prototypen:<\/strong> Fertigung von funktionsf\u00e4higen Mustern nach Zeichnung oder CAD<\/p><p data-start=\"901\" data-end=\"981\"><strong data-start=\"984\" data-end=\"1002\">Reaktionszeit:<\/strong> Schnelle Umsetzung bei kurzfristigem Bedarf<\/p><p data-start=\"1051\" data-end=\"1124\"><strong data-start=\"1051\" data-end=\"1069\">Kommunikation:<\/strong> Fester Ansprechpartner f\u00fcr den gesamten Projektverlauf<\/p>\t\t\t\t\t\t\t\t<\/div>\n\t\t\t\t<\/div>\n\t\t\t\t<div class=\"elementor-element elementor-element-9d177ac elementor-widget elementor-widget-heading\" data-id=\"9d177ac\" data-element_type=\"widget\" data-widget_type=\"heading.default\">\n\t\t\t\t<div class=\"elementor-widget-container\">\n\t\t\t\t\t<h2 class=\"elementor-heading-title elementor-size-default\">Technik auf den Punkt. Jetzt anfragen.<\/h2>\t\t\t\t<\/div>\n\t\t\t\t<\/div>\n\t\t\t\t<div class=\"elementor-element elementor-element-f7d6193 elementor-widget elementor-widget-text-editor\" data-id=\"f7d6193\" data-element_type=\"widget\" data-widget_type=\"text-editor.default\">\n\t\t\t\t<div class=\"elementor-widget-container\">\n\t\t\t\t\t\t\t\t\t<p><strong>Sie erreichen uns telefonisch oder direkt \u00fcber das Kontaktformular.<\/strong><br data-start=\"217\" data-end=\"220\" \/><strong>Wir freuen uns auf Ihr Projekt.<\/strong><\/p>\t\t\t\t\t\t\t\t<\/div>\n\t\t\t\t<\/div>\n\t\t\t\t<div class=\"elementor-element elementor-element-e5d5c23 elementor-widget elementor-widget-button\" data-id=\"e5d5c23\" data-element_type=\"widget\" data-widget_type=\"button.default\">\n\t\t\t\t<div class=\"elementor-widget-container\">\n\t\t\t\t\t\t\t\t\t<div class=\"elementor-button-wrapper\">\n\t\t\t\t\t<a class=\"elementor-button elementor-button-link elementor-size-sm\" href=\"#\">\n\t\t\t\t\t\t<span class=\"elementor-button-content-wrapper\">\n\t\t\t\t\t\t\t\t\t<span class=\"elementor-button-text\">Zum Kontaktformular<\/span>\n\t\t\t\t\t<\/span>\n\t\t\t\t\t<\/a>\n\t\t\t\t<\/div>\n\t\t\t\t\t\t\t\t<\/div>\n\t\t\t\t<\/div>\n\t\t\t\t<\/div>\n\t\t\t\t\t<\/div>\n\t\t\t\t<\/div>\n\t\t\t\t<\/div>","protected":false},"excerpt":{"rendered":"<p>Fertigung und Qualit\u00e4tssicherung Technisch pr\u00e4zise \u2013 qualit\u00e4tsgesichert dokumentiert. Unsere mechanische Fertigung bietet Ihnen flexible und Individuelle L\u00f6sungen f\u00fcr Ihre Anforderungen [&hellip;]<\/p>","protected":false},"author":1,"featured_media":0,"parent":0,"menu_order":0,"comment_status":"closed","ping_status":"closed","template":"","meta":{"site-sidebar-layout":"no-sidebar","site-content-layout":"","ast-site-content-layout":"full-width-container","site-content-style":"default","site-sidebar-style":"default","ast-global-header-display":"","ast-banner-title-visibility":"","ast-main-header-display":"","ast-hfb-above-header-display":"","ast-hfb-below-header-display":"","ast-hfb-mobile-header-display":"","site-post-title":"disabled","ast-breadcrumbs-content":"","ast-featured-img":"disabled","footer-sml-layout":"","theme-transparent-header-meta":"","adv-header-id-meta":"","stick-header-meta":"","header-above-stick-meta":"","header-main-stick-meta":"","header-below-stick-meta":"","astra-migrate-meta-layouts":"default","ast-page-background-enabled":"default","ast-page-background-meta":{"desktop":{"background-color":"var(--ast-global-color-5)","background-image":"","background-repeat":"repeat","background-position":"center center","background-size":"auto","background-attachment":"scroll","background-type":"","background-media":"","overlay-type":"","overlay-color":"","overlay-opacity":"","overlay-gradient":""},"tablet":{"background-color":"","background-image":"","background-repeat":"repeat","background-position":"center center","background-size":"auto","background-attachment":"scroll","background-type":"","background-media":"","overlay-type":"","overlay-color":"","overlay-opacity":"","overlay-gradient":""},"mobile":{"background-color":"","background-image":"","background-repeat":"repeat","background-position":"center center","background-size":"auto","background-attachment":"scroll","background-type":"","background-media":"","overlay-type":"","overlay-color":"","overlay-opacity":"","overlay-gradient":""}},"ast-content-background-meta":{"desktop":{"background-color":"var(--ast-global-color-4)","background-image":"","background-repeat":"repeat","background-position":"center center","background-size":"auto","background-attachment":"scroll","background-type":"","background-media":"","overlay-type":"","overlay-color":"","overlay-opacity":"","overlay-gradient":""},"tablet":{"background-color":"var(--ast-global-color-4)","background-image":"","background-repeat":"repeat","background-position":"center center","background-size":"auto","background-attachment":"scroll","background-type":"","background-media":"","overlay-type":"","overlay-color":"","overlay-opacity":"","overlay-gradient":""},"mobile":{"background-color":"var(--ast-global-color-4)","background-image":"","background-repeat":"repeat","background-position":"center center","background-size":"auto","background-attachment":"scroll","background-type":"","background-media":"","overlay-type":"","overlay-color":"","overlay-opacity":"","overlay-gradient":""}},"footnotes":""},"class_list":["post-381","page","type-page","status-publish","hentry"],"_links":{"self":[{"href":"https:\/\/thoenies.de\/en\/wp-json\/wp\/v2\/pages\/381","targetHints":{"allow":["GET"]}}],"collection":[{"href":"https:\/\/thoenies.de\/en\/wp-json\/wp\/v2\/pages"}],"about":[{"href":"https:\/\/thoenies.de\/en\/wp-json\/wp\/v2\/types\/page"}],"author":[{"embeddable":true,"href":"https:\/\/thoenies.de\/en\/wp-json\/wp\/v2\/users\/1"}],"replies":[{"embeddable":true,"href":"https:\/\/thoenies.de\/en\/wp-json\/wp\/v2\/comments?post=381"}],"version-history":[{"count":29,"href":"https:\/\/thoenies.de\/en\/wp-json\/wp\/v2\/pages\/381\/revisions"}],"predecessor-version":[{"id":693,"href":"https:\/\/thoenies.de\/en\/wp-json\/wp\/v2\/pages\/381\/revisions\/693"}],"wp:attachment":[{"href":"https:\/\/thoenies.de\/en\/wp-json\/wp\/v2\/media?parent=381"}],"curies":[{"name":"wp","href":"https:\/\/api.w.org\/{rel}","templated":true}]}}