{"id":403,"date":"2025-06-25T00:56:15","date_gmt":"2025-06-24T22:56:15","guid":{"rendered":"http:\/\/thoenies.de\/?page_id=403"},"modified":"2025-07-09T18:30:54","modified_gmt":"2025-07-09T16:30:54","slug":"wartung","status":"publish","type":"page","link":"https:\/\/thoenies.de\/de_de\/wartung\/","title":{"rendered":"Wartung"},"content":{"rendered":"\t\t<div data-elementor-type=\"wp-page\" data-elementor-id=\"403\" class=\"elementor elementor-403\" data-elementor-post-type=\"page\">\n\t\t\t\t<div class=\"elementor-element elementor-element-4b98117 e-con-full e-flex e-con e-parent\" data-id=\"4b98117\" data-element_type=\"container\" data-settings=\"{&quot;background_background&quot;:&quot;slideshow&quot;,&quot;background_slideshow_gallery&quot;:[{&quot;id&quot;:383,&quot;url&quot;:&quot;http:\\\/\\\/thoenies.de\\\/wp-content\\\/uploads\\\/2025\\\/06\\\/fertigung-main-scaled.jpg&quot;}],&quot;background_slideshow_loop&quot;:&quot;yes&quot;,&quot;background_slideshow_slide_duration&quot;:5000,&quot;background_slideshow_slide_transition&quot;:&quot;fade&quot;,&quot;background_slideshow_transition_duration&quot;:500}\">\n\t\t\t\t<div class=\"elementor-element elementor-element-6a0b9a8 elementor-widget elementor-widget-heading\" data-id=\"6a0b9a8\" data-element_type=\"widget\" data-widget_type=\"heading.default\">\n\t\t\t\t<div class=\"elementor-widget-container\">\n\t\t\t\t\t<h2 class=\"elementor-heading-title elementor-size-default\">Wartung und Instandhaltung<\/h2>\t\t\t\t<\/div>\n\t\t\t\t<\/div>\n\t\t\t\t<div class=\"elementor-element elementor-element-ccaaeb4 elementor-widget elementor-widget-text-editor\" data-id=\"ccaaeb4\" data-element_type=\"widget\" data-widget_type=\"text-editor.default\">\n\t\t\t\t<div class=\"elementor-widget-container\">\n\t\t\t\t\t\t\t\t\t<p>Instandhaltung, die vorausdenkt \u2013 f\u00fcr maximale Verf\u00fcgbarkeit.<\/p>\t\t\t\t\t\t\t\t<\/div>\n\t\t\t\t<\/div>\n\t\t\t\t<\/div>\n\t\t<div class=\"elementor-element elementor-element-35de5a1 e-flex e-con-boxed e-con e-parent\" data-id=\"35de5a1\" data-element_type=\"container\">\n\t\t\t\t\t<div class=\"e-con-inner\">\n\t\t\t\t<div class=\"elementor-element elementor-element-b5f685e elementor-widget elementor-widget-heading\" data-id=\"b5f685e\" data-element_type=\"widget\" data-widget_type=\"heading.default\">\n\t\t\t\t<div class=\"elementor-widget-container\">\n\t\t\t\t\t<h2 class=\"elementor-heading-title elementor-size-default\">Langlebigkeit beginnt mit Verantwortung.<\/h2>\t\t\t\t<\/div>\n\t\t\t\t<\/div>\n\t\t\t\t<div class=\"elementor-element elementor-element-cf6719f elementor-widget elementor-widget-text-editor\" data-id=\"cf6719f\" data-element_type=\"widget\" data-widget_type=\"text-editor.default\">\n\t\t\t\t<div class=\"elementor-widget-container\">\n\t\t\t\t\t\t\t\t\t<p data-start=\"411\" data-end=\"672\">Unsere Arbeit endet nicht mit der Auslieferung. Mauritz begleitet Maschinen und Anlagen \u00fcber den gesamten Lebenszyklus hinweg \u2013 mit kompetenter Wartung, sorgf\u00e4ltiger Instandhaltung und praxisnaher Modernisierung.<\/p><p data-start=\"674\" data-end=\"937\">Regelm\u00e4\u00dfige Serviceeins\u00e4tze, sorgf\u00e4ltige Dokumentation und ein geschultes Team sorgen daf\u00fcr, dass Ihre Technik zuverl\u00e4ssig l\u00e4uft \u2013 und ungeplante Stillst\u00e4nde vermieden werden. Wir denken mit, bevor Probleme entstehen \u2013 und handeln schnell, wenn es darauf ankommt.<\/p>\t\t\t\t\t\t\t\t<\/div>\n\t\t\t\t<\/div>\n\t\t<div class=\"elementor-element elementor-element-1b2d176 e-grid e-con-full e-con e-child\" data-id=\"1b2d176\" data-element_type=\"container\">\n\t\t\t\t<div class=\"elementor-element elementor-element-5e47186 elementor-widget elementor-widget-text-editor\" data-id=\"5e47186\" data-element_type=\"widget\" data-widget_type=\"text-editor.default\">\n\t\t\t\t<div class=\"elementor-widget-container\">\n\t\t\t\t\t\t\t\t\t<p><strong data-start=\"1013\" data-end=\"1034\">Geplante Wartung<\/strong><br data-start=\"1034\" data-end=\"1037\" \/>Turnusm\u00e4\u00dfige Inspektionen und Serviceeins\u00e4tze \u2013 exakt auf Ihre Anlage abgestimmt.<\/p>\t\t\t\t\t\t\t\t<\/div>\n\t\t\t\t<\/div>\n\t\t\t\t<div class=\"elementor-element elementor-element-93484ab elementor-widget elementor-widget-text-editor\" data-id=\"93484ab\" data-element_type=\"widget\" data-widget_type=\"text-editor.default\">\n\t\t\t\t<div class=\"elementor-widget-container\">\n\t\t\t\t\t\t\t\t\t<p><strong data-start=\"1125\" data-end=\"1153\">Schnelle Instandsetzung<\/strong><br data-start=\"1153\" data-end=\"1156\" \/>Im Ernstfall z\u00e4hlt Reaktionszeit \u2013 wir sind vorbereitet und einsatzbereit.<\/p>\t\t\t\t\t\t\t\t<\/div>\n\t\t\t\t<\/div>\n\t\t\t\t<div class=\"elementor-element elementor-element-c55b005 elementor-widget elementor-widget-text-editor\" data-id=\"c55b005\" data-element_type=\"widget\" data-widget_type=\"text-editor.default\">\n\t\t\t\t<div class=\"elementor-widget-container\">\n\t\t\t\t\t\t\t\t\t<p data-start=\"1359\" data-end=\"1489\"><strong data-start=\"1362\" data-end=\"1395\">Nachr\u00fcstung &amp; Modernisierung<\/strong><br data-start=\"1395\" data-end=\"1398\" \/>\u00c4ltere Maschinen bringen wir technisch auf den neuesten Stand \u2013 wirtschaftlich und gezielt.<\/p>\t\t\t\t\t\t\t\t<\/div>\n\t\t\t\t<\/div>\n\t\t\t\t<div class=\"elementor-element elementor-element-de59c6f elementor-widget elementor-widget-text-editor\" data-id=\"de59c6f\" data-element_type=\"widget\" data-widget_type=\"text-editor.default\">\n\t\t\t\t<div class=\"elementor-widget-container\">\n\t\t\t\t\t\t\t\t\t<p><strong data-start=\"1237\" data-end=\"1266\">L\u00fcckenlose Dokumentation<\/strong><br data-start=\"1266\" data-end=\"1269\" \/>Transparente Pr\u00fcf- und Wartungsprotokolle schaffen Nachvollziehbarkeit und Sicherheit.<\/p>\t\t\t\t\t\t\t\t<\/div>\n\t\t\t\t<\/div>\n\t\t\t\t<\/div>\n\t\t\t\t\t<\/div>\n\t\t\t\t<\/div>\n\t\t<div class=\"elementor-element elementor-element-1bwqJa7 e-flex e-con-boxed e-con e-parent\" data-id=\"1bwqJa7\" data-element_type=\"container\">\n\t\t\t\t\t<div class=\"e-con-inner\">\n\t\t<div class=\"elementor-element elementor-element-p8X5u33 e-con-full e-flex e-con e-child\" data-id=\"p8X5u33\" data-element_type=\"container\">\n\t\t\t\t<div class=\"elementor-element elementor-element-O2oNevY elementor-widget elementor-widget-heading\" data-id=\"O2oNevY\" data-element_type=\"widget\" data-widget_type=\"heading.default\">\n\t\t\t\t<div class=\"elementor-widget-container\">\n\t\t\t\t\t<h5 class=\"elementor-heading-title elementor-size-default\">Wartung f\u00fcr eine sichere Zukunft<\/h5>\t\t\t\t<\/div>\n\t\t\t\t<\/div>\n\t\t\t\t<div class=\"elementor-element elementor-element-b5hhxLX elementor-widget elementor-widget-heading\" data-id=\"b5hhxLX\" data-element_type=\"widget\" data-widget_type=\"heading.default\">\n\t\t\t\t<div class=\"elementor-widget-container\">\n\t\t\t\t\t<h2 class=\"elementor-heading-title elementor-size-default\">Gute Gr\u00fcnde f\u00fcr regelm\u00e4\u00dfige Wartung<\/h2>\t\t\t\t<\/div>\n\t\t\t\t<\/div>\n\t\t\t\t<\/div>\n\t\t\t\t\t<\/div>\n\t\t\t\t<\/div>\n\t\t<div class=\"elementor-element elementor-element-ff8ccbe e-flex e-con-boxed e-con e-parent\" data-id=\"ff8ccbe\" data-element_type=\"container\">\n\t\t\t\t\t<div class=\"e-con-inner\">\n\t\t<div class=\"elementor-element elementor-element-d419605 e-con-full e-flex e-con e-child\" data-id=\"d419605\" data-element_type=\"container\" data-settings=\"{&quot;background_background&quot;:&quot;classic&quot;}\">\n\t\t\t\t<div class=\"elementor-element elementor-element-b5af772 elementor-widget elementor-widget-text-editor\" data-id=\"b5af772\" data-element_type=\"widget\" data-widget_type=\"text-editor.default\">\n\t\t\t\t<div class=\"elementor-widget-container\">\n\t\t\t\t\t\t\t\t\t<p><strong data-start=\"215\" data-end=\"252\">Vorausschauende Instandhaltung<\/strong><\/p><p data-start=\"200\" data-end=\"543\">Ungeplante Stillst\u00e4nde werden durch regelm\u00e4\u00dfige Wartung verhindert und Sie senken langfristig die Instandhaltungskosten. Wir erkennen Probleme, bevor sie entstehen \u2013 und handeln rechtzeitig.<\/p><p data-start=\"200\" data-end=\"543\"><strong data-start=\"375\" data-end=\"410\">So entsteht Planungssicherheit:<\/strong> Wer Wartung fr\u00fchzeitig plant, kann Produktion und Kapazit\u00e4ten verl\u00e4sslich steuern \u2013 ganz ohne b\u00f6se \u00dcberraschungen im Betriebsablauf.<\/p>\t\t\t\t\t\t\t\t<\/div>\n\t\t\t\t<\/div>\n\t\t\t\t<\/div>\n\t\t<div class=\"elementor-element elementor-element-a6051bb e-con-full e-flex e-con e-child\" data-id=\"a6051bb\" data-element_type=\"container\" data-settings=\"{&quot;background_background&quot;:&quot;classic&quot;}\">\n\t\t\t\t<div class=\"elementor-element elementor-element-59212ea elementor-widget elementor-widget-text-editor\" data-id=\"59212ea\" data-element_type=\"widget\" data-widget_type=\"text-editor.default\">\n\t\t\t\t<div class=\"elementor-widget-container\">\n\t\t\t\t\t\t\t\t\t<p data-start=\"405\" data-end=\"451\"><strong data-start=\"412\" data-end=\"449\"><span style=\"color: #999999;\">Wert- und Funktionserhalt Ihrer Maschinen<\/span><br \/><\/strong><\/p><p data-start=\"405\" data-end=\"451\">Regelm\u00e4\u00dfige Wartung sch\u00fctzt Ihre Investitionen.<br data-start=\"274\" data-end=\"277\" \/>Durch den fachgerechten Austausch von Verschlei\u00dfteilen und pr\u00e4zise Justierungen bleibt die Leistungsf\u00e4higkeit Ihrer Maschinen dauerhaft erhalten.<\/p><p data-start=\"405\" data-end=\"451\"><strong data-start=\"425\" data-end=\"442\">Das Ergebnis:<\/strong> weniger Reparaturen, geringerer Energieverbrauch und h\u00f6here Ausfallsicherheit \u2013 f\u00fcr eine Produktion, die langfristig rentabel bleibt.<\/p>\t\t\t\t\t\t\t\t<\/div>\n\t\t\t\t<\/div>\n\t\t\t\t<\/div>\n\t\t<div class=\"elementor-element elementor-element-34bc876 e-con-full e-flex e-con e-child\" data-id=\"34bc876\" data-element_type=\"container\" data-settings=\"{&quot;background_background&quot;:&quot;classic&quot;}\">\n\t\t\t\t<div class=\"elementor-element elementor-element-afc11c2 elementor-widget elementor-widget-text-editor\" data-id=\"afc11c2\" data-element_type=\"widget\" data-widget_type=\"text-editor.default\">\n\t\t\t\t<div class=\"elementor-widget-container\">\n\t\t\t\t\t\t\t\t\t<p><strong data-start=\"735\" data-end=\"769\">Mehr Sicherheit im Betrieb<\/strong><\/p><p data-start=\"186\" data-end=\"596\">Gut gewartete Maschinen sind nicht nur zuverl\u00e4ssiger, sondern auch sicherer.<\/p><p data-start=\"186\" data-end=\"596\"><strong data-start=\"265\" data-end=\"363\">Technik, die reibungslos funktioniert, sch\u00fctzt Ihre Mitarbeiter vor unerwarteten Risiken.<\/strong><\/p><p data-start=\"186\" data-end=\"596\">Durch pr\u00e4ventive Pr\u00fcfungen und systematische Instandhaltung werden potenzielle Gefahren fr\u00fchzeitig erkannt \u2013 und beseitigt, bevor sie zum Problem werden.<br data-start=\"519\" data-end=\"522\" \/><br \/><\/p>\t\t\t\t\t\t\t\t<\/div>\n\t\t\t\t<\/div>\n\t\t\t\t<\/div>\n\t\t\t\t\t<\/div>\n\t\t\t\t<\/div>\n\t\t\t\t<\/div>\n\t\t","protected":false},"excerpt":{"rendered":"<p>Wartung und Instandhaltung Instandhaltung, die vorausdenkt \u2013 f\u00fcr maximale Verf\u00fcgbarkeit. Langlebigkeit beginnt mit Verantwortung. Unsere Arbeit endet nicht mit der [&hellip;]<\/p>\n","protected":false},"author":1,"featured_media":0,"parent":0,"menu_order":0,"comment_status":"closed","ping_status":"closed","template":"","meta":{"site-sidebar-layout":"no-sidebar","site-content-layout":"","ast-site-content-layout":"full-width-container","site-content-style":"default","site-sidebar-style":"default","ast-global-header-display":"","ast-banner-title-visibility":"","ast-main-header-display":"","ast-hfb-above-header-display":"","ast-hfb-below-header-display":"","ast-hfb-mobile-header-display":"","site-post-title":"disabled","ast-breadcrumbs-content":"","ast-featured-img":"disabled","footer-sml-layout":"","theme-transparent-header-meta":"","adv-header-id-meta":"","stick-header-meta":"","header-above-stick-meta":"","header-main-stick-meta":"","header-below-stick-meta":"","astra-migrate-meta-layouts":"default","ast-page-background-enabled":"default","ast-page-background-meta":{"desktop":{"background-color":"var(--ast-global-color-5)","background-image":"","background-repeat":"repeat","background-position":"center center","background-size":"auto","background-attachment":"scroll","background-type":"","background-media":"","overlay-type":"","overlay-color":"","overlay-opacity":"","overlay-gradient":""},"tablet":{"background-color":"","background-image":"","background-repeat":"repeat","background-position":"center center","background-size":"auto","background-attachment":"scroll","background-type":"","background-media":"","overlay-type":"","overlay-color":"","overlay-opacity":"","overlay-gradient":""},"mobile":{"background-color":"","background-image":"","background-repeat":"repeat","background-position":"center center","background-size":"auto","background-attachment":"scroll","background-type":"","background-media":"","overlay-type":"","overlay-color":"","overlay-opacity":"","overlay-gradient":""}},"ast-content-background-meta":{"desktop":{"background-color":"var(--ast-global-color-4)","background-image":"","background-repeat":"repeat","background-position":"center center","background-size":"auto","background-attachment":"scroll","background-type":"","background-media":"","overlay-type":"","overlay-color":"","overlay-opacity":"","overlay-gradient":""},"tablet":{"background-color":"var(--ast-global-color-4)","background-image":"","background-repeat":"repeat","background-position":"center center","background-size":"auto","background-attachment":"scroll","background-type":"","background-media":"","overlay-type":"","overlay-color":"","overlay-opacity":"","overlay-gradient":""},"mobile":{"background-color":"var(--ast-global-color-4)","background-image":"","background-repeat":"repeat","background-position":"center center","background-size":"auto","background-attachment":"scroll","background-type":"","background-media":"","overlay-type":"","overlay-color":"","overlay-opacity":"","overlay-gradient":""}},"footnotes":""},"class_list":["post-403","page","type-page","status-publish","hentry"],"_links":{"self":[{"href":"https:\/\/thoenies.de\/de_de\/wp-json\/wp\/v2\/pages\/403","targetHints":{"allow":["GET"]}}],"collection":[{"href":"https:\/\/thoenies.de\/de_de\/wp-json\/wp\/v2\/pages"}],"about":[{"href":"https:\/\/thoenies.de\/de_de\/wp-json\/wp\/v2\/types\/page"}],"author":[{"embeddable":true,"href":"https:\/\/thoenies.de\/de_de\/wp-json\/wp\/v2\/users\/1"}],"replies":[{"embeddable":true,"href":"https:\/\/thoenies.de\/de_de\/wp-json\/wp\/v2\/comments?post=403"}],"version-history":[{"count":46,"href":"https:\/\/thoenies.de\/de_de\/wp-json\/wp\/v2\/pages\/403\/revisions"}],"predecessor-version":[{"id":590,"href":"https:\/\/thoenies.de\/de_de\/wp-json\/wp\/v2\/pages\/403\/revisions\/590"}],"wp:attachment":[{"href":"https:\/\/thoenies.de\/de_de\/wp-json\/wp\/v2\/media?parent=403"}],"curies":[{"name":"wp","href":"https:\/\/api.w.org\/{rel}","templated":true}]}}