{"id":599,"date":"2025-07-10T15:43:45","date_gmt":"2025-07-10T13:43:45","guid":{"rendered":"http:\/\/thoenies.de\/?page_id=599"},"modified":"2025-07-10T16:46:50","modified_gmt":"2025-07-10T14:46:50","slug":"datenschutzerklaerung","status":"publish","type":"page","link":"http:\/\/thoenies.de\/en\/datenschutzerklaerung\/","title":{"rendered":"Datenschutzerkl\u00e4rung"},"content":{"rendered":"<div data-elementor-type=\"wp-page\" data-elementor-id=\"599\" class=\"elementor elementor-599\" data-elementor-post-type=\"page\">\n\t\t\t\t<div class=\"elementor-element elementor-element-4b98117 e-con-full e-flex e-con e-parent\" data-id=\"4b98117\" data-element_type=\"container\" data-settings=\"{&quot;background_background&quot;:&quot;slideshow&quot;,&quot;background_slideshow_gallery&quot;:[{&quot;id&quot;:383,&quot;url&quot;:&quot;http:\\\/\\\/thoenies.de\\\/wp-content\\\/uploads\\\/2025\\\/06\\\/fertigung-main-scaled.jpg&quot;}],&quot;background_slideshow_loop&quot;:&quot;yes&quot;,&quot;background_slideshow_slide_duration&quot;:5000,&quot;background_slideshow_slide_transition&quot;:&quot;fade&quot;,&quot;background_slideshow_transition_duration&quot;:500}\">\n\t\t\t\t<div class=\"elementor-element elementor-element-6a0b9a8 elementor-widget elementor-widget-heading\" data-id=\"6a0b9a8\" data-element_type=\"widget\" data-widget_type=\"heading.default\">\n\t\t\t\t<div class=\"elementor-widget-container\">\n\t\t\t\t\t<h2 class=\"elementor-heading-title elementor-size-default\">Mauritz Maschinenbau Datenschutzerkl\u00e4rung<\/h2>\t\t\t\t<\/div>\n\t\t\t\t<\/div>\n\t\t\t\t<\/div>\n\t\t<div class=\"elementor-element elementor-element-b203832 e-flex e-con-boxed e-con e-parent\" data-id=\"b203832\" data-element_type=\"container\">\n\t\t\t\t\t<div class=\"e-con-inner\">\n\t\t\t\t<div class=\"elementor-element elementor-element-835ab5c elementor-widget elementor-widget-heading\" data-id=\"835ab5c\" data-element_type=\"widget\" data-widget_type=\"heading.default\">\n\t\t\t\t<div class=\"elementor-widget-container\">\n\t\t\t\t\t<h2 class=\"elementor-heading-title elementor-size-default\">Datenschutzerkl\u00e4rung<\/h2>\t\t\t\t<\/div>\n\t\t\t\t<\/div>\n\t\t\t\t<div class=\"elementor-element elementor-element-eec14bd elementor-widget elementor-widget-text-editor\" data-id=\"eec14bd\" data-element_type=\"widget\" data-widget_type=\"text-editor.default\">\n\t\t\t\t<div class=\"elementor-widget-container\">\n\t\t\t\t\t\t\t\t\t<article class=\"text-token-text-primary w-full\" dir=\"auto\" data-testid=\"conversation-turn-519\" data-scroll-anchor=\"false\"><div class=\"[--thread-content-max-width:32rem] @[34rem]:[--thread-content-max-width:40rem] @[64rem]:[--thread-content-max-width:48rem] mx-auto flex max-w-(--thread-content-max-width) flex-1 text-base gap-4 md:gap-5 lg:gap-6 group\/turn-messages focus-visible:outline-hidden\" tabindex=\"-1\"><div class=\"group\/conversation-turn relative flex w-full min-w-0 flex-col\"><div class=\"relative flex-col gap-1 md:gap-3\"><div class=\"flex justify-end\">\u00a0<\/div><\/div><\/div><\/div><\/article><article class=\"text-token-text-primary w-full\" dir=\"auto\" data-testid=\"conversation-turn-520\" data-scroll-anchor=\"true\"><div class=\"text-base my-auto mx-auto py-5 [--thread-content-margin:--spacing(4)] @[37rem]:[--thread-content-margin:--spacing(6)] @[72rem]:[--thread-content-margin:--spacing(16)] px-(--thread-content-margin)\"><div class=\"[--thread-content-max-width:32rem] @[34rem]:[--thread-content-max-width:40rem] @[64rem]:[--thread-content-max-width:48rem] mx-auto flex max-w-(--thread-content-max-width) flex-1 text-base gap-4 md:gap-5 lg:gap-6 group\/turn-messages focus-visible:outline-hidden\" tabindex=\"-1\"><div class=\"group\/conversation-turn relative flex w-full min-w-0 flex-col agent-turn\"><div class=\"relative flex-col gap-1 md:gap-3\"><div class=\"flex max-w-full flex-col grow\"><div class=\"min-h-8 text-message relative flex w-full flex-col items-end gap-2 text-start break-words whitespace-normal [.text-message+&amp;]:mt-5\" dir=\"auto\" data-message-author-role=\"assistant\" data-message-id=\"50555920-3d59-4eba-a335-aa2382862861\" data-message-model-slug=\"gpt-4o\"><div class=\"flex w-full flex-col gap-1 empty:hidden first:pt-[3px]\"><div class=\"markdown prose dark:prose-invert w-full break-words dark\"><p data-start=\"246\" data-end=\"280\">1. Datenschutz auf einen Blick<\/p><p data-start=\"282\" data-end=\"600\"><strong data-start=\"282\" data-end=\"305\">Allgemeine Hinweise<\/strong><br data-start=\"305\" data-end=\"308\" \/>Der Schutz Ihrer pers\u00f6nlichen Daten ist uns wichtig. Die folgenden Hinweise geben einen einfachen \u00dcberblick dar\u00fcber, was mit Ihren personenbezogenen Daten passiert, wenn Sie unsere Website besuchen. Personenbezogene Daten sind alle Daten, mit denen Sie pers\u00f6nlich identifiziert werden k\u00f6nnen.<\/p><p data-start=\"602\" data-end=\"789\"><strong data-start=\"602\" data-end=\"639\">Datenerfassung auf dieser Website<\/strong><br data-start=\"639\" data-end=\"642\" \/>Die Datenverarbeitung auf dieser Website erfolgt durch den Websitebetreiber. Dessen Kontaktdaten k\u00f6nnen Sie dem Impressum dieser Website entnehmen.<\/p><p data-start=\"791\" data-end=\"1103\"><strong data-start=\"791\" data-end=\"823\">Wie erfassen wir Ihre Daten?<\/strong><br data-start=\"823\" data-end=\"826\" \/>Ihre Daten werden automatisch beim Besuch der Website durch unsere IT-Systeme erfasst. Das sind vor allem technische Daten (z.\u202fB. Internetbrowser, Betriebssystem oder Uhrzeit des Seitenaufrufs). Die Erfassung dieser Daten erfolgt automatisch, sobald Sie diese Website betreten.<\/p><p data-start=\"1105\" data-end=\"1292\"><strong data-start=\"1105\" data-end=\"1137\">Wof\u00fcr nutzen wir Ihre Daten?<\/strong><br data-start=\"1137\" data-end=\"1140\" \/>Ein Teil der Daten wird erhoben, um eine fehlerfreie Bereitstellung der Website zu gew\u00e4hrleisten. Eine Auswertung oder Profilbildung findet nicht statt.<\/p><hr data-start=\"1294\" data-end=\"1297\" \/><p data-start=\"1299\" data-end=\"1313\">2. Hosting<\/p><p data-start=\"1315\" data-end=\"1519\"><strong data-start=\"1315\" data-end=\"1335\">Externes Hosting<\/strong><br data-start=\"1335\" data-end=\"1338\" \/>Diese Website wird bei einem externen Dienstleister (IONOS) gehostet. Personenbezogenen Daten, die auf dieser Website erfasst werden, werden auf den Servern des Hosters gespeichert.<\/p><p data-start=\"1521\" data-end=\"1699\"><strong data-start=\"1521\" data-end=\"1541\">Rechtsgrundlage:<\/strong><br data-start=\"1541\" data-end=\"1544\" \/>Die Nutzung des Hosters erfolgt im Interesse einer sicheren, schnellen und effizienten Bereitstellung unseres Online-Angebots (Art.\u202f6 Abs.\u202f1 lit.\u202ff DSGVO).<\/p><hr data-start=\"1701\" data-end=\"1704\" \/><p data-start=\"1706\" data-end=\"1757\">3. Allgemeine Hinweise und Pflichtinformationen<\/p><p data-start=\"1759\" data-end=\"1924\"><strong data-start=\"1759\" data-end=\"1774\">Datenschutz<\/strong><br data-start=\"1774\" data-end=\"1777\" \/>Wir behandeln Ihre personenbezogenen Daten vertraulich und entsprechend der gesetzlichen Datenschutzvorschriften sowie dieser Datenschutzerkl\u00e4rung.<\/p><p data-start=\"1926\" data-end=\"2032\"><strong data-start=\"1926\" data-end=\"1965\">Hinweis zur verantwortlichen Stelle<\/strong><br data-start=\"1965\" data-end=\"1968\" \/>Verantwortlich f\u00fcr die Datenverarbeitung auf dieser Website ist:<\/p><p data-start=\"2034\" data-end=\"2173\"><strong data-start=\"2034\" data-end=\"2063\">Mauritz Maschinenbau e.K.<\/strong><br data-start=\"2063\" data-end=\"2066\" \/>Peter Alsbach<br data-start=\"2079\" data-end=\"2082\" \/>Kr\u00fctzpoort\u202f7<br data-start=\"2094\" data-end=\"2097\" \/>47804 Krefeld<br data-start=\"2110\" data-end=\"2113\" \/>E-Mail: <a class=\"cursor-pointer\" rel=\"noopener\" data-start=\"2121\" data-end=\"2149\">info@mauritz-maschinenbau.de<\/a><br data-start=\"2149\" data-end=\"2152\" \/>Telefon: 02151\u202f713987<\/p><p data-start=\"2175\" data-end=\"2288\"><strong data-start=\"2175\" data-end=\"2190\">Rechtsform:<\/strong> Einzelunternehmen<br data-start=\"2208\" data-end=\"2211\" \/><strong data-start=\"2211\" data-end=\"2231\">Handelsregister:<\/strong> HRA 1593, Amtsgericht Krefeld<br data-start=\"2261\" data-end=\"2264\" \/><strong data-start=\"2264\" data-end=\"2276\">USt.-ID:<\/strong> DE120007605<\/p><hr data-start=\"2290\" data-end=\"2293\" \/><p data-start=\"2295\" data-end=\"2335\">4. Datenerfassung auf dieser Website<\/p><p data-start=\"2337\" data-end=\"2397\"><strong data-start=\"2337\" data-end=\"2348\">Cookies<\/strong><br data-start=\"2348\" data-end=\"2351\" \/>Diese Website verwendet derzeit keine Cookies.<\/p><p data-start=\"2399\" data-end=\"2484\"><strong data-start=\"2399\" data-end=\"2418\">Kontaktformular<\/strong><br data-start=\"2418\" data-end=\"2421\" \/>Ein Kontaktformular ist auf dieser Website derzeit nicht aktiv.<\/p><hr data-start=\"2486\" data-end=\"2489\" \/><p data-start=\"2491\" data-end=\"2515\">5. Plugins und Tools<\/p><p data-start=\"2517\" data-end=\"2756\"><strong data-start=\"2517\" data-end=\"2533\">Google Fonts<\/strong><br data-start=\"2533\" data-end=\"2536\" \/>Diese Website verwendet zur einheitlichen Darstellung von Schriftarten <strong data-start=\"2607\" data-end=\"2642\">lokal eingebundene Google Fonts<\/strong>. Eine Verbindung zu Servern von Google findet nicht statt. Eine Weitergabe personenbezogener Daten erfolgt nicht.<\/p><hr data-start=\"2758\" data-end=\"2761\" \/><p data-start=\"2763\" data-end=\"2799\">6. SSL- bzw. TLS-Verschl\u00fcsselung<\/p><p data-start=\"2801\" data-end=\"3044\">Diese Seite nutzt aus Sicherheitsgr\u00fcnden und zum Schutz der \u00dcbertragung vertraulicher Inhalte eine SSL- bzw. TLS-Verschl\u00fcsselung. Eine verschl\u00fcsselte Verbindung erkennen Sie an der Adresszeile Ihres Browsers (\u201ehttps:\/\/\u201c) und am Schloss-Symbol.<\/p><\/div><\/div><\/div><\/div><\/div><\/div><\/div><\/div><\/article>\t\t\t\t\t\t\t\t<\/div>\n\t\t\t\t<\/div>\n\t\t\t\t\t<\/div>\n\t\t\t\t<\/div>\n\t\t\t\t<\/div>","protected":false},"excerpt":{"rendered":"<p>Mauritz Maschinenbau Datenschutzerkl\u00e4rung Datenschutzerkl\u00e4rung \u00a0 1. Datenschutz auf einen Blick Allgemeine HinweiseDer Schutz Ihrer pers\u00f6nlichen Daten ist uns wichtig. Die [&hellip;]<\/p>","protected":false},"author":1,"featured_media":0,"parent":0,"menu_order":0,"comment_status":"closed","ping_status":"closed","template":"","meta":{"site-sidebar-layout":"no-sidebar","site-content-layout":"","ast-site-content-layout":"full-width-container","site-content-style":"default","site-sidebar-style":"default","ast-global-header-display":"","ast-banner-title-visibility":"","ast-main-header-display":"","ast-hfb-above-header-display":"","ast-hfb-below-header-display":"","ast-hfb-mobile-header-display":"","site-post-title":"disabled","ast-breadcrumbs-content":"","ast-featured-img":"disabled","footer-sml-layout":"","theme-transparent-header-meta":"","adv-header-id-meta":"","stick-header-meta":"","header-above-stick-meta":"","header-main-stick-meta":"","header-below-stick-meta":"","astra-migrate-meta-layouts":"default","ast-page-background-enabled":"default","ast-page-background-meta":{"desktop":{"background-color":"var(--ast-global-color-5)","background-image":"","background-repeat":"repeat","background-position":"center center","background-size":"auto","background-attachment":"scroll","background-type":"","background-media":"","overlay-type":"","overlay-color":"","overlay-opacity":"","overlay-gradient":""},"tablet":{"background-color":"","background-image":"","background-repeat":"repeat","background-position":"center center","background-size":"auto","background-attachment":"scroll","background-type":"","background-media":"","overlay-type":"","overlay-color":"","overlay-opacity":"","overlay-gradient":""},"mobile":{"background-color":"","background-image":"","background-repeat":"repeat","background-position":"center center","background-size":"auto","background-attachment":"scroll","background-type":"","background-media":"","overlay-type":"","overlay-color":"","overlay-opacity":"","overlay-gradient":""}},"ast-content-background-meta":{"desktop":{"background-color":"var(--ast-global-color-4)","background-image":"","background-repeat":"repeat","background-position":"center center","background-size":"auto","background-attachment":"scroll","background-type":"","background-media":"","overlay-type":"","overlay-color":"","overlay-opacity":"","overlay-gradient":""},"tablet":{"background-color":"var(--ast-global-color-4)","background-image":"","background-repeat":"repeat","background-position":"center center","background-size":"auto","background-attachment":"scroll","background-type":"","background-media":"","overlay-type":"","overlay-color":"","overlay-opacity":"","overlay-gradient":""},"mobile":{"background-color":"var(--ast-global-color-4)","background-image":"","background-repeat":"repeat","background-position":"center center","background-size":"auto","background-attachment":"scroll","background-type":"","background-media":"","overlay-type":"","overlay-color":"","overlay-opacity":"","overlay-gradient":""}},"footnotes":""},"class_list":["post-599","page","type-page","status-publish","hentry"],"_links":{"self":[{"href":"http:\/\/thoenies.de\/en\/wp-json\/wp\/v2\/pages\/599","targetHints":{"allow":["GET"]}}],"collection":[{"href":"http:\/\/thoenies.de\/en\/wp-json\/wp\/v2\/pages"}],"about":[{"href":"http:\/\/thoenies.de\/en\/wp-json\/wp\/v2\/types\/page"}],"author":[{"embeddable":true,"href":"http:\/\/thoenies.de\/en\/wp-json\/wp\/v2\/users\/1"}],"replies":[{"embeddable":true,"href":"http:\/\/thoenies.de\/en\/wp-json\/wp\/v2\/comments?post=599"}],"version-history":[{"count":29,"href":"http:\/\/thoenies.de\/en\/wp-json\/wp\/v2\/pages\/599\/revisions"}],"predecessor-version":[{"id":640,"href":"http:\/\/thoenies.de\/en\/wp-json\/wp\/v2\/pages\/599\/revisions\/640"}],"wp:attachment":[{"href":"http:\/\/thoenies.de\/en\/wp-json\/wp\/v2\/media?parent=599"}],"curies":[{"name":"wp","href":"https:\/\/api.w.org\/{rel}","templated":true}]}}