{"id":622,"date":"2025-07-10T16:15:41","date_gmt":"2025-07-10T14:15:41","guid":{"rendered":"http:\/\/thoenies.de\/?page_id=622"},"modified":"2025-07-10T16:43:26","modified_gmt":"2025-07-10T14:43:26","slug":"impressum","status":"publish","type":"page","link":"http:\/\/thoenies.de\/de_de\/impressum\/","title":{"rendered":"Impressum"},"content":{"rendered":"\t\t<div data-elementor-type=\"wp-page\" data-elementor-id=\"622\" class=\"elementor elementor-622\" data-elementor-post-type=\"page\">\n\t\t\t\t<div class=\"elementor-element elementor-element-4b98117 e-con-full e-flex e-con e-parent\" data-id=\"4b98117\" data-element_type=\"container\" data-settings=\"{&quot;background_background&quot;:&quot;slideshow&quot;,&quot;background_slideshow_gallery&quot;:[{&quot;id&quot;:383,&quot;url&quot;:&quot;http:\\\/\\\/thoenies.de\\\/wp-content\\\/uploads\\\/2025\\\/06\\\/fertigung-main-scaled.jpg&quot;}],&quot;background_slideshow_loop&quot;:&quot;yes&quot;,&quot;background_slideshow_slide_duration&quot;:5000,&quot;background_slideshow_slide_transition&quot;:&quot;fade&quot;,&quot;background_slideshow_transition_duration&quot;:500}\">\n\t\t\t\t<div class=\"elementor-element elementor-element-6a0b9a8 elementor-widget elementor-widget-heading\" data-id=\"6a0b9a8\" data-element_type=\"widget\" data-widget_type=\"heading.default\">\n\t\t\t\t<div class=\"elementor-widget-container\">\n\t\t\t\t\t<h2 class=\"elementor-heading-title elementor-size-default\">Mauritz Maschinenbau Impressum<\/h2>\t\t\t\t<\/div>\n\t\t\t\t<\/div>\n\t\t\t\t<\/div>\n\t\t<div class=\"elementor-element elementor-element-b203832 e-flex e-con-boxed e-con e-parent\" data-id=\"b203832\" data-element_type=\"container\">\n\t\t\t\t\t<div class=\"e-con-inner\">\n\t\t\t\t<div class=\"elementor-element elementor-element-835ab5c elementor-widget elementor-widget-heading\" data-id=\"835ab5c\" data-element_type=\"widget\" data-widget_type=\"heading.default\">\n\t\t\t\t<div class=\"elementor-widget-container\">\n\t\t\t\t\t<h2 class=\"elementor-heading-title elementor-size-default\">Impressum<\/h2>\t\t\t\t<\/div>\n\t\t\t\t<\/div>\n\t\t\t\t<div class=\"elementor-element elementor-element-eec14bd elementor-widget elementor-widget-text-editor\" data-id=\"eec14bd\" data-element_type=\"widget\" data-widget_type=\"text-editor.default\">\n\t\t\t\t<div class=\"elementor-widget-container\">\n\t\t\t\t\t\t\t\t\t<p><strong>Angaben gem\u00e4\u00df \u00a7 5 TMG<\/strong><\/p><p>Peter Friedrich Alsbach<br data-start=\"173\" data-end=\"176\" \/>Mauritz Maschinenbau<br data-start=\"196\" data-end=\"199\" \/><strong data-start=\"199\" data-end=\"214\">Rechtsform:<\/strong> Einzelunternehmen, eingetragen als e.K. im Handelsregister beim Amtsgericht Krefeld unter der Nummer HRA 1593<br data-start=\"324\" data-end=\"327\" \/>Kr\u00fctzpoort 7<br data-start=\"339\" data-end=\"342\" \/>47804 Krefeld<br data-start=\"355\" data-end=\"358\" \/>Deutschland<\/p><p>Telefon: 02151 713987<br data-start=\"325\" data-end=\"328\" \/>E-Mail: <a class=\"cursor-pointer\" rel=\"noopener\" data-start=\"336\" data-end=\"364\">info@mauritz-maschinenbau.de<\/a><br data-start=\"364\" data-end=\"367\" \/>Website: <a class=\"\" href=\"http:\/\/www.mauritz-maschinenbau.de\" target=\"_new\" rel=\"noopener\" data-start=\"376\" data-end=\"441\">www.mauritz-maschinenbau.de<\/a><\/p><p><strong>Registereintrag<br \/><\/strong>Eingetragen im Handelsregister.<br data-start=\"495\" data-end=\"498\" \/>Registergericht: Amtsgericht Krefeld<br data-start=\"534\" data-end=\"537\" \/>Handelsregister-Nummer: HRA 1593<\/p><p data-start=\"573\" data-end=\"592\">Umsatzsteuer-ID<\/p><p>Umsatzsteuer-Identifikationsnummer gem\u00e4\u00df \u00a7 27a Umsatzsteuergesetz:<br data-start=\"660\" data-end=\"663\" \/><strong data-start=\"663\" data-end=\"678\">DE120007605<\/strong><\/p><p data-start=\"680\" data-end=\"735\">Verantwortlich f\u00fcr den Inhalt nach \u00a7 55 Abs. 2 RStV<\/p><p>Peter Friedrich Alsbach<br data-start=\"760\" data-end=\"763\" \/>Kr\u00fctzpoort 7<br data-start=\"775\" data-end=\"778\" \/>47804 Krefeld<\/p><p data-start=\"793\" data-end=\"815\">Haftungsausschluss<\/p><p><strong data-start=\"817\" data-end=\"840\">Haftung f\u00fcr Inhalte<\/strong><br data-start=\"840\" data-end=\"843\" \/>Als Diensteanbieter sind wir gem\u00e4\u00df \u00a7 7 Abs.1 TMG f\u00fcr eigene Inhalte auf diesen Seiten nach den allgemeinen Gesetzen verantwortlich. Nach \u00a7\u00a7 8 bis 10 TMG sind wir jedoch nicht verpflichtet, \u00fcbermittelte oder gespeicherte fremde Informationen zu \u00fcberwachen oder nach Umst\u00e4nden zu forschen, die auf eine rechtswidrige T\u00e4tigkeit hinweisen.<br data-start=\"1178\" data-end=\"1181\" \/>Verpflichtungen zur Entfernung oder Sperrung der Nutzung von Informationen nach den allgemeinen Gesetzen bleiben hiervon unber\u00fchrt. Eine diesbez\u00fcgliche Haftung ist jedoch erst ab dem Zeitpunkt der Kenntnis einer konkreten Rechtsverletzung m\u00f6glich. Bei Bekanntwerden von entsprechenden Rechtsverletzungen werden wir diese Inhalte umgehend entfernen.<\/p><p><strong data-start=\"1531\" data-end=\"1552\">Haftung f\u00fcr Links<\/strong><br data-start=\"1552\" data-end=\"1555\" \/>Unser Angebot enth\u00e4lt Links zu externen Websites Dritter, auf deren Inhalte wir keinen Einfluss haben. Deshalb k\u00f6nnen wir f\u00fcr diese fremden Inhalte auch keine Gew\u00e4hr \u00fcbernehmen. F\u00fcr die Inhalte der verlinkten Seiten ist stets der jeweilige Anbieter oder Betreiber der Seiten verantwortlich.<br data-start=\"1845\" data-end=\"1848\" \/>Die verlinkten Seiten wurden zum Zeitpunkt der Verlinkung auf m\u00f6gliche Rechtsverst\u00f6\u00dfe \u00fcberpr\u00fcft. Rechtswidrige Inhalte waren zum Zeitpunkt der Verlinkung nicht erkennbar.<br data-start=\"2018\" data-end=\"2021\" \/>Eine permanente inhaltliche Kontrolle der verlinkten Seiten ist jedoch ohne konkrete Anhaltspunkte einer Rechtsverletzung nicht zumutbar. Bei Bekanntwerden von Rechtsverletzungen werden wir derartige Links umgehend entfernen.<\/p><p data-start=\"2248\" data-end=\"2264\"><strong>Urheberrecht<\/strong><\/p><p>Die durch die Seitenbetreiber erstellten Inhalte und Werke auf diesen Seiten unterliegen dem deutschen Urheberrecht. Die Vervielf\u00e4ltigung, Bearbeitung, Verbreitung und jede Art der Verwertung au\u00dferhalb der Grenzen des Urheberrechtes bed\u00fcrfen der schriftlichen Zustimmung des jeweiligen Autors bzw. Erstellers.<br data-start=\"2575\" data-end=\"2578\" \/>Downloads und Kopien dieser Seite sind nur f\u00fcr den privaten, nicht kommerziellen Gebrauch gestattet.<br data-start=\"2678\" data-end=\"2681\" \/>Soweit die Inhalte auf dieser Seite nicht vom Betreiber erstellt wurden, werden die Urheberrechte Dritter beachtet. Insbesondere werden Inhalte Dritter als solche gekennzeichnet.<br data-start=\"2859\" data-end=\"2862\" \/>Sollten Sie trotzdem auf eine Urheberrechtsverletzung aufmerksam werden, bitten wir um einen entsprechenden Hinweis. Bei Bekanntwerden von Rechtsverletzungen werden wir derartige Inhalte umgehend entfernen.<\/p><p><strong>Bildnachweis:<br \/><\/strong>Adobe Stock (lizensierte Inhalte):\u00a0<br \/>126420265, 172041052, 187730030, 254487811, 338863923, 498034681, 512920561, 985594501<br \/>Ein Teil der verwendeten Bilder, Grafiken und Illustrationen stammt von Creative Fabrica (<a class=\"\" href=\"http:\/\/www.creativefabrica.com\" target=\"_new\" rel=\"noopener\" data-start=\"538\" data-end=\"561\">www.creativefabrica.com<\/a>) und wurde im Rahmen einer aktiven Lizenz verwendet.<br data-start=\"614\" data-end=\"617\" \/>Weitere Bilder wurden mit Hilfe der KI DALL\u00b7E (OpenAI) erstellt.<br data-start=\"683\" data-end=\"686\" \/>Zus\u00e4tzlich wurden eigene Fotografien verwendet.<\/p>\t\t\t\t\t\t\t\t<\/div>\n\t\t\t\t<\/div>\n\t\t\t\t\t<\/div>\n\t\t\t\t<\/div>\n\t\t\t\t<\/div>\n\t\t","protected":false},"excerpt":{"rendered":"<p>Mauritz Maschinenbau Impressum Impressum Angaben gem\u00e4\u00df \u00a7 5 TMG Peter Friedrich AlsbachMauritz MaschinenbauRechtsform: Einzelunternehmen, eingetragen als e.K. im Handelsregister beim [&hellip;]<\/p>\n","protected":false},"author":1,"featured_media":0,"parent":0,"menu_order":0,"comment_status":"closed","ping_status":"closed","template":"","meta":{"site-sidebar-layout":"no-sidebar","site-content-layout":"","ast-site-content-layout":"full-width-container","site-content-style":"default","site-sidebar-style":"default","ast-global-header-display":"","ast-banner-title-visibility":"","ast-main-header-display":"","ast-hfb-above-header-display":"","ast-hfb-below-header-display":"","ast-hfb-mobile-header-display":"","site-post-title":"disabled","ast-breadcrumbs-content":"","ast-featured-img":"disabled","footer-sml-layout":"","theme-transparent-header-meta":"","adv-header-id-meta":"","stick-header-meta":"","header-above-stick-meta":"","header-main-stick-meta":"","header-below-stick-meta":"","astra-migrate-meta-layouts":"default","ast-page-background-enabled":"default","ast-page-background-meta":{"desktop":{"background-color":"var(--ast-global-color-5)","background-image":"","background-repeat":"repeat","background-position":"center center","background-size":"auto","background-attachment":"scroll","background-type":"","background-media":"","overlay-type":"","overlay-color":"","overlay-opacity":"","overlay-gradient":""},"tablet":{"background-color":"","background-image":"","background-repeat":"repeat","background-position":"center center","background-size":"auto","background-attachment":"scroll","background-type":"","background-media":"","overlay-type":"","overlay-color":"","overlay-opacity":"","overlay-gradient":""},"mobile":{"background-color":"","background-image":"","background-repeat":"repeat","background-position":"center center","background-size":"auto","background-attachment":"scroll","background-type":"","background-media":"","overlay-type":"","overlay-color":"","overlay-opacity":"","overlay-gradient":""}},"ast-content-background-meta":{"desktop":{"background-color":"var(--ast-global-color-4)","background-image":"","background-repeat":"repeat","background-position":"center center","background-size":"auto","background-attachment":"scroll","background-type":"","background-media":"","overlay-type":"","overlay-color":"","overlay-opacity":"","overlay-gradient":""},"tablet":{"background-color":"var(--ast-global-color-4)","background-image":"","background-repeat":"repeat","background-position":"center center","background-size":"auto","background-attachment":"scroll","background-type":"","background-media":"","overlay-type":"","overlay-color":"","overlay-opacity":"","overlay-gradient":""},"mobile":{"background-color":"var(--ast-global-color-4)","background-image":"","background-repeat":"repeat","background-position":"center center","background-size":"auto","background-attachment":"scroll","background-type":"","background-media":"","overlay-type":"","overlay-color":"","overlay-opacity":"","overlay-gradient":""}},"footnotes":""},"class_list":["post-622","page","type-page","status-publish","hentry"],"_links":{"self":[{"href":"http:\/\/thoenies.de\/de_de\/wp-json\/wp\/v2\/pages\/622","targetHints":{"allow":["GET"]}}],"collection":[{"href":"http:\/\/thoenies.de\/de_de\/wp-json\/wp\/v2\/pages"}],"about":[{"href":"http:\/\/thoenies.de\/de_de\/wp-json\/wp\/v2\/types\/page"}],"author":[{"embeddable":true,"href":"http:\/\/thoenies.de\/de_de\/wp-json\/wp\/v2\/users\/1"}],"replies":[{"embeddable":true,"href":"http:\/\/thoenies.de\/de_de\/wp-json\/wp\/v2\/comments?post=622"}],"version-history":[{"count":6,"href":"http:\/\/thoenies.de\/de_de\/wp-json\/wp\/v2\/pages\/622\/revisions"}],"predecessor-version":[{"id":633,"href":"http:\/\/thoenies.de\/de_de\/wp-json\/wp\/v2\/pages\/622\/revisions\/633"}],"wp:attachment":[{"href":"http:\/\/thoenies.de\/de_de\/wp-json\/wp\/v2\/media?parent=622"}],"curies":[{"name":"wp","href":"https:\/\/api.w.org\/{rel}","templated":true}]}}